{"id":497539,"date":"2026-01-02T11:27:40","date_gmt":"2026-01-02T11:27:40","guid":{"rendered":"https:\/\/transparentgift.com\/pt\/caixa-de-doces-postal-personalizada-com-foto-e-textos\/"},"modified":"2026-04-01T11:51:23","modified_gmt":"2026-04-01T10:51:23","slug":"caixa-de-doces-postal-personalizada-com-foto-e-textos","status":"publish","type":"product","link":"https:\/\/transparentgift.com\/pt\/caixa-de-doces-postal-personalizada-com-foto-e-textos\/","title":{"rendered":"Caixa de Doces Postal personalizada com Foto e Textos"},"content":{"rendered":"<p>Proporcione a mais deliciosa das surpresas com esta <strong>caixa de gomas ou bombons<\/strong>, que poder\u00e1 personalizar com uma foto e alguns textos emotivos. \u00c9 perfeito como <strong>presente de Dia dos Namorados ou para um anivers\u00e1rio<\/strong> para a sua cara-metade, como presente de <strong>anivers\u00e1rio<\/strong> para os seus amigos ou at\u00e9 como presente de Natal para os seus familiares. Tamb\u00e9m \u00e9 ideal como lembran\u00e7a para<strong> esses noivos no dia do seu casamento<\/strong>.<\/p>\n<p>Esta caixa de doces \u00e9 <strong>totalmente personaliz\u00e1vel<\/strong>. Primeiro ter\u00e1 de <strong>escolher <\/strong>se prefere que contenha<strong> gomas em forma de cora\u00e7\u00e3o, gomas arco-\u00edris ou chocolates<\/strong>. Ter\u00e1 a op\u00e7\u00e3o de <strong>adicionar a sua foto favorita<\/strong> com essa pessoa e <strong>os vossos nomes ou dedicat\u00f3rias<\/strong>, para que fiquem gravados na tampa da caixa. Depois, s\u00f3 faltar\u00e1 que<strong> escreva o texto mais emotivo<\/strong> que vos defina para decorar o<strong> interior da caixa<\/strong>. N\u00f3s encarregamo-nos de que o resultado encante! Vai gostar muito de descobrir e comer os doces que encontrar neste presente, por ter sido especialmente concebido para ele ou para ela. \u00c9 o detalhe ideal para usar como <strong>sobremesa de um almo\u00e7o ou jantar<\/strong> especial.<\/p>\n<p>A caixa de bombons ou gomas \u00e9 fabricada com <strong>materiais de alta qualidade<\/strong> que lhe conferem resist\u00eancia e durabilidade. O design ser\u00e1 impresso a cores para ficar bonito e apelativo.<\/p>\n<p>N\u00e3o fique sem o <strong>presente original<\/strong> perfeito para demonstrar o seu amor a essa pessoa querida num dia especial. Ter\u00e1 a oportunidade de terminar essa celebra\u00e7\u00e3o especial da forma mais doce.<\/p>\n<p><strong>Caracter\u00edsticas:<\/strong><\/p>\n<ul>\n<li>Tamanho: 28 x 18,5 x 2,5 cm<\/li>\n<li>Material: Cart\u00e3o de alta qualidade.<\/li>\n<li>Conte\u00fado: Gomas multicolor ou gomas em forma de cora\u00e7\u00e3o.<\/li>\n<\/ul>\n<p><strong>CAIXA DE GOMAS EM FORMA DE CORA\u00c7\u00c3O<\/strong><\/p>\n<p><strong>Ingredientes:<\/strong><\/p>\n<p>Xarope de glucose, a\u00e7\u00facar, \u00e1gua, gelatina, humectante: E420, acidulantes: E330, E270, aromas, corretor de acidez: E325, corantes: E129.<\/p>\n<table style=\"border-collapse: collapse; width: 100%; max-width: 400px;\" border=\"1\">\n<thead>\n<tr>\n<th style=\"padding: 6px;\">Nutriente<\/th>\n<th style=\"padding: 6px;\">Por 100 g de mistura<\/th>\n<\/tr>\n<\/thead>\n<tbody>\n<tr>\n<td style=\"padding: 6px;\">Valor energ\u00e9tico<\/td>\n<td style=\"padding: 6px;\">1.459 kJ \/ 345 kcal<\/td>\n<\/tr>\n<tr>\n<td style=\"padding: 6px;\">Gorduras<\/td>\n<td style=\"padding: 6px;\">0,2 g<\/td>\n<\/tr>\n<tr>\n<td style=\"padding: 6px;\">\u2014 das quais saturadas<\/td>\n<td style=\"padding: 6px;\">0,1 g<\/td>\n<\/tr>\n<tr>\n<td style=\"padding: 6px;\">Hidratos de carbono<\/td>\n<td style=\"padding: 6px;\">79,5 g<\/td>\n<\/tr>\n<tr>\n<td style=\"padding: 6px;\">\u2014 dos quais a\u00e7\u00facares<\/td>\n<td style=\"padding: 6px;\">49,4 g<\/td>\n<\/tr>\n<tr>\n<td style=\"padding: 6px;\">Prote\u00ednas<\/td>\n<td style=\"padding: 6px;\">4,5 g<\/td>\n<\/tr>\n<tr>\n<td style=\"padding: 6px;\">Sal<\/td>\n<td style=\"padding: 6px;\">0,02 g<\/td>\n<\/tr>\n<\/tbody>\n<\/table>\n<div style=\"font-family: sans-serif; line-height: 1.6; max-width: 600px;\">\n<p><strong>CAIXA DE GOMAS MULTICOLOR<\/strong><\/p>\n<p><strong>Ingredientes:<\/strong><\/p>\n<p>Xarope de glucose, a\u00e7\u00facar, \u00e1gua, gelatina, humectante: E420, acidulantes: E330, E270, gelificante: pectina, aromas, corretor de acidez: E325, corantes: E129<\/p>\n<table style=\"border-collapse: collapse; width: 100%;\" border=\"1\">\n<thead>\n<tr>\n<th style=\"padding: 6px; text-align: left;\">Nutriente<\/th>\n<th style=\"padding: 6px; text-align: left;\">Valor por 100 g<\/th>\n<\/tr>\n<\/thead>\n<tbody>\n<tr>\n<td style=\"padding: 6px;\">Valor energ\u00e9tico<\/td>\n<td style=\"padding: 6px;\">1.441 kJ \/ 344 kcal<\/td>\n<\/tr>\n<tr>\n<td style=\"padding: 6px;\">Gorduras<\/td>\n<td style=\"padding: 6px;\">0,2 g<\/td>\n<\/tr>\n<tr>\n<td style=\"padding: 6px;\">\u2014 das quais saturadas<\/td>\n<td style=\"padding: 6px;\">0,1 g<\/td>\n<\/tr>\n<tr>\n<td style=\"padding: 6px;\">Hidratos de carbono<\/td>\n<td style=\"padding: 6px;\">80,2 g<\/td>\n<\/tr>\n<tr>\n<td style=\"padding: 6px;\">\u2014 dos quais a\u00e7\u00facares<\/td>\n<td style=\"padding: 6px;\">49,7 g<\/td>\n<\/tr>\n<tr>\n<td style=\"padding: 6px;\">Prote\u00ednas<\/td>\n<td style=\"padding: 6px;\">3,8 g<\/td>\n<\/tr>\n<tr>\n<td style=\"padding: 6px;\">Sal<\/td>\n<td style=\"padding: 6px;\">0,02 g<\/td>\n<\/tr>\n<\/tbody>\n<\/table>\n<\/div>\n<div style=\"font-family: sans-serif; line-height: 1.6; max-width: 700px;\">\n<p><strong>CAIXA DE CHOCOLATES KINDER<\/strong><\/p>\n<p><strong>Schoko-Bons:<\/strong> Chocolate de leite extrafino 50% (a\u00e7\u00facar, leite inteiro em p\u00f3, manteiga de cacau, pasta de cacau, emulsionantes: lecitinas (soja), aromas), a\u00e7\u00facar. Leite magro em p\u00f3, gordura de palma, avel\u00e3s (5,8%), manteiga concentrada, chocolate negro (a\u00e7\u00facar, pasta de cacau, manteiga de cacau, emulsionantes: lecitinas (soja); aromas), agentes de revestimento (goma ar\u00e1bica, goma-laca), xarope de glucose, emulsionantes: lecitinas (soja), aromas.<\/p>\n<p><em>Sobre o total: produtos l\u00e1cteos: 28%, cacau: 16,5%.<\/em><\/p>\n<p><strong>Kinder Bueno:<\/strong> Chocolate de leite 31% (a\u00e7\u00facar, manteiga de cacau, pasta de cacau, leite magro em p\u00f3, manteiga concentrada, emulsionantes: lecitinas (soja); baunilha), a\u00e7\u00facar, gordura de palma, farinha de trigo, avel\u00e3s 10,8%, leite magro em p\u00f3, leite inteiro em p\u00f3, chocolate negro (a\u00e7\u00facar, pasta de cacau, manteiga de cacau, emulsionantes: lecitinas (soja); baunilha), cacau magro, emulsionantes: lecitinas (soja); agente levedante (carbonato \u00e1cido de s\u00f3dio), sal, baunilha.<\/p>\n<p><em>Sobre o total: produtos l\u00e1cteos 19%<\/em><\/p>\n<p><strong>Mini Kinder Chocolate:<\/strong><\/p>\n<p>Chocolate de LEITE extrafino 40% (a\u00e7\u00facar, LEITE inteiro em p\u00f3, manteiga de cacau, pasta de cacau, emulsionantes: lecitinas (SOJA), vanilina), a\u00e7\u00facar, LEITE magro em p\u00f3, gordura de palma, MANTEIGA concentrada, emulsionantes: lecitinas (SOJA), vanilina.<\/p>\n<p><em>Sobre o total: produtos l\u00e1cteos 33% (leite magro em p\u00f3, leite inteiro em p\u00f3: 27,5%, manteiga concentrada 5,5%) &#8211; cacau 13%.<\/em><\/p>\n<p><strong>SEM GL\u00daTEN<\/strong><\/p>\n<table style=\"border-collapse: collapse; width: 100%;\" border=\"1\">\n<thead>\n<tr>\n<th style=\"padding: 6px; text-align: left;\">Nutriente<\/th>\n<th style=\"padding: 6px; text-align: left;\">Valor por 100 g<\/th>\n<\/tr>\n<\/thead>\n<tbody>\n<tr>\n<td style=\"padding: 6px;\">Valor energ\u00e9tico<\/td>\n<td style=\"padding: 6px;\">2.367 kJ \/ 566 kcal<\/td>\n<\/tr>\n<tr>\n<td style=\"padding: 6px;\">Gorduras<\/td>\n<td style=\"padding: 6px;\">35,1 g<\/td>\n<\/tr>\n<tr>\n<td style=\"padding: 6px;\">\u2014 das quais saturadas<\/td>\n<td style=\"padding: 6px;\">21,6 g<\/td>\n<\/tr>\n<tr>\n<td style=\"padding: 6px;\">Hidratos de carbono<\/td>\n<td style=\"padding: 6px;\">51,6 g<\/td>\n<\/tr>\n<tr>\n<td style=\"padding: 6px;\">\u2014 dos quais a\u00e7\u00facares<\/td>\n<td style=\"padding: 6px;\">51,7 g<\/td>\n<\/tr>\n<tr>\n<td style=\"padding: 6px;\">Prote\u00ednas<\/td>\n<td style=\"padding: 6px;\">7,8 g<\/td>\n<\/tr>\n<tr>\n<td style=\"padding: 6px;\">Sal<\/td>\n<td style=\"padding: 6px;\">0,2 g<\/td>\n<\/tr>\n<\/tbody>\n<\/table>\n<\/div>\n","protected":false},"excerpt":{"rendered":"<p>Proporcione a mais deliciosa das surpresas com esta caixa de gomas ou bombons, que poder\u00e1 personali [&#8230;]<\/p>\n","protected":false},"featured_media":497655,"comment_status":"open","ping_status":"closed","template":"","meta":{"_acf_changed":false},"product_brand":[],"product_cat":[1720],"product_tag":[1678],"ai-category":[1755],"class_list":{"0":"post-497539","1":"product","2":"type-product","3":"status-publish","4":"has-post-thumbnail","6":"product_cat-doces-e-bombons-personalizados","7":"product_tag-casais","8":"ai-category-chuches-y-bombones-personalizados","10":"first","11":"instock","12":"taxable","13":"shipping-taxable","14":"purchasable","15":"product-type-simple"},"acf":[],"df_price":20.99,"df_sale_price":"","df_regular_price":20.99,"df_image_link":"https:\/\/transparentgift.com\/pt\/wp-content\/uploads\/2026\/01\/1-12-300x300.jpg","_links":{"self":[{"href":"https:\/\/transparentgift.com\/pt\/wp-json\/wp\/v2\/product\/497539","targetHints":{"allow":["GET"]}}],"collection":[{"href":"https:\/\/transparentgift.com\/pt\/wp-json\/wp\/v2\/product"}],"about":[{"href":"https:\/\/transparentgift.com\/pt\/wp-json\/wp\/v2\/types\/product"}],"replies":[{"embeddable":true,"href":"https:\/\/transparentgift.com\/pt\/wp-json\/wp\/v2\/comments?post=497539"}],"wp:featuredmedia":[{"embeddable":true,"href":"https:\/\/transparentgift.com\/pt\/wp-json\/wp\/v2\/media\/497655"}],"wp:attachment":[{"href":"https:\/\/transparentgift.com\/pt\/wp-json\/wp\/v2\/media?parent=497539"}],"wp:term":[{"taxonomy":"product_brand","embeddable":true,"href":"https:\/\/transparentgift.com\/pt\/wp-json\/wp\/v2\/product_brand?post=497539"},{"taxonomy":"product_cat","embeddable":true,"href":"https:\/\/transparentgift.com\/pt\/wp-json\/wp\/v2\/product_cat?post=497539"},{"taxonomy":"product_tag","embeddable":true,"href":"https:\/\/transparentgift.com\/pt\/wp-json\/wp\/v2\/product_tag?post=497539"},{"taxonomy":"ai-category","embeddable":true,"href":"https:\/\/transparentgift.com\/pt\/wp-json\/wp\/v2\/ai-category?post=497539"}],"curies":[{"name":"wp","href":"https:\/\/api.w.org\/{rel}","templated":true}]}}