{"id":497540,"date":"2026-01-02T11:27:41","date_gmt":"2026-01-02T11:27:41","guid":{"rendered":"https:\/\/transparentgift.com\/pt\/caixa-de-doces-personalizada-com-foto-ilustrada-e-nomes\/"},"modified":"2026-03-11T19:03:39","modified_gmt":"2026-03-11T19:03:39","slug":"caixa-de-doces-personalizada-com-foto-ilustrada-e-nomes","status":"publish","type":"product","link":"https:\/\/transparentgift.com\/pt\/caixa-de-doces-personalizada-com-foto-ilustrada-e-nomes\/","title":{"rendered":"Caixa de Doces personalizada com Foto Ilustrada e Nomes"},"content":{"rendered":"<p><strong>Surpreenda com a Caixa de Doces Personalizada<\/strong>. Um presente \u00fanico que combina do\u00e7ura e personaliza\u00e7\u00e3o para momentos especiais.<\/p>\n<p>Esta caixa oferece a possibilidade de personalizar com uma foto ilustrada e nomes, tornando-a num detalhe inesquec\u00edvel. Ideal para anivers\u00e1rios, Dia dos Namorados, anivers\u00e1rios de nascimento ou casamentos, \u00e9 o presente perfeito para quem deseja expressar o seu amor de forma original.<\/p>\n<p>Indicada para casais, amigos e familiares, esta caixa \u00e9 perfeita para celebrar ocasi\u00f5es especiais ou como um doce gesto no dia a dia. Imagine a emo\u00e7\u00e3o de a abrir e descobrir uma mensagem pessoal e deliciosos doces.<\/p>\n<h4><strong>Caracter\u00edsticas:<\/strong><\/h4>\n<ul>\n<li>Tamanho: 28 x 18,5 x 2,5 cm<\/li>\n<li>Material: cart\u00e3o de alta qualidade.<\/li>\n<li>Conte\u00fado: gomas multicolor ou gomas de cora\u00e7\u00e3o.<\/li>\n<\/ul>\n<p><strong>CAIXA GOMAS DE CORA\u00c7\u00c3O<\/strong><\/p>\n<p><strong>Ingredientes:<\/strong><\/p>\n<p>Xarope de glucose, a\u00e7\u00facar, \u00e1gua, gelatina, humectante: E420, acidulantes: E330, E270, aromas, corretor de acidez: E325, corantes: E129.<\/p>\n<table style=\"border-collapse: collapse; width: 100%; max-width: 400px;\" border=\"1\">\n<thead>\n<tr>\n<th style=\"padding: 6px;\">Nutriente<\/th>\n<th style=\"padding: 6px;\">Por 100 g de mistura<\/th>\n<\/tr>\n<\/thead>\n<tbody>\n<tr>\n<td style=\"padding: 6px;\">Valor energ\u00e9tico<\/td>\n<td style=\"padding: 6px;\">1.459 kJ \/ 345 kcal<\/td>\n<\/tr>\n<tr>\n<td style=\"padding: 6px;\">Gorduras<\/td>\n<td style=\"padding: 6px;\">0,2 g<\/td>\n<\/tr>\n<tr>\n<td style=\"padding: 6px;\">\u2014 das quais saturadas<\/td>\n<td style=\"padding: 6px;\">0,1 g<\/td>\n<\/tr>\n<tr>\n<td style=\"padding: 6px;\">Hidratos de carbono<\/td>\n<td style=\"padding: 6px;\">79,5 g<\/td>\n<\/tr>\n<tr>\n<td style=\"padding: 6px;\">\u2014 dos quais a\u00e7\u00facares<\/td>\n<td style=\"padding: 6px;\">49,4 g<\/td>\n<\/tr>\n<tr>\n<td style=\"padding: 6px;\">Prote\u00ednas<\/td>\n<td style=\"padding: 6px;\">4,5 g<\/td>\n<\/tr>\n<tr>\n<td style=\"padding: 6px;\">Sal<\/td>\n<td style=\"padding: 6px;\">0,02 g<\/td>\n<\/tr>\n<\/tbody>\n<\/table>\n<div style=\"font-family: sans-serif; line-height: 1.6; max-width: 600px;\">\n<p><strong>CAIXA GOMAS MULTICOLOR<\/strong><\/p>\n<p><strong>Ingredientes:<\/strong><\/p>\n<p>Xarope de glucose, a\u00e7\u00facar, \u00e1gua, gelatina, humectante: E420, acidulantes: E330, E270, gelificante: pectina, aromas, corretor de acidez: E325, corantes: E129<\/p>\n<table style=\"border-collapse: collapse; width: 100%;\" border=\"1\">\n<thead>\n<tr>\n<th style=\"padding: 6px; text-align: left;\">Nutriente<\/th>\n<th style=\"padding: 6px; text-align: left;\">Valor por 100 g<\/th>\n<\/tr>\n<\/thead>\n<tbody>\n<tr>\n<td style=\"padding: 6px;\">Valor energ\u00e9tico<\/td>\n<td style=\"padding: 6px;\">1.441 kJ \/ 344 kcal<\/td>\n<\/tr>\n<tr>\n<td style=\"padding: 6px;\">Gorduras<\/td>\n<td style=\"padding: 6px;\">0,2 g<\/td>\n<\/tr>\n<tr>\n<td style=\"padding: 6px;\">\u2014 das quais saturadas<\/td>\n<td style=\"padding: 6px;\">0,1 g<\/td>\n<\/tr>\n<tr>\n<td style=\"padding: 6px;\">Hidratos de carbono<\/td>\n<td style=\"padding: 6px;\">80,2 g<\/td>\n<\/tr>\n<tr>\n<td style=\"padding: 6px;\">\u2014 dos quais a\u00e7\u00facares<\/td>\n<td style=\"padding: 6px;\">49,7 g<\/td>\n<\/tr>\n<tr>\n<td style=\"padding: 6px;\">Prote\u00ednas<\/td>\n<td style=\"padding: 6px;\">3,8 g<\/td>\n<\/tr>\n<tr>\n<td style=\"padding: 6px;\">Sal<\/td>\n<td style=\"padding: 6px;\">0,02 g<\/td>\n<\/tr>\n<\/tbody>\n<\/table>\n<\/div>\n<div style=\"font-family: sans-serif; line-height: 1.6; max-width: 700px;\">\n<p><strong>CAIXA CHOCOLATES KINDER<\/strong><\/p>\n<p><strong>Schoko-Bons:<\/strong> Chocolate de leite extrafino 50% (a\u00e7\u00facar, leite inteiro em p\u00f3, manteiga de cacau, pasta de cacau, emulsionantes: lecitinas (soja), aromas), a\u00e7\u00facar. Leite magro em p\u00f3, \u00f3leo de palma, avel\u00e3s (5,8%), manteiga concentrada, chocolate negro (a\u00e7\u00facar, pasta de cacau, manteiga de cacau, emulsionantes: lecitinas (soja); aromas), agentes de revestimento (goma ar\u00e1bica, goma-laca), xarope de glucose, emulsionantes: lecitinas (soja), aromas.<\/p>\n<p><em>Sobre o total: produtos l\u00e1cteos: 28%, cacau: 16,5%.<\/em><\/p>\n<p><strong>Kinder Bueno:<\/strong> Chocolate de leite 31% (a\u00e7\u00facar, manteiga de cacau, pasta de cacau, leite magro em p\u00f3, manteiga concentrada, emulsionantes: lecitinas (soja); baunilha), a\u00e7\u00facar, \u00f3leo de palma, farinha de trigo, avel\u00e3s 10,8%, leite magro em p\u00f3, leite inteiro em p\u00f3, chocolate negro (a\u00e7\u00facar, pasta de cacau, manteiga de cacau, emulsionantes: lecitinas (soja); baunilha), cacau magro, emulsionantes: lecitinas (soja); agente levedante (carbonato \u00e1cido de s\u00f3dio), sal, baunilha.<\/p>\n<p><em>Sobre o total: produtos l\u00e1cteos 19%<\/em><\/p>\n<p><strong>Mini Kinder Chocolate:<\/strong><\/p>\n<p>Chocolate de LEITE extrafino 40% (a\u00e7\u00facar, LEITE inteiro em p\u00f3, manteiga de cacau, pasta de cacau, emulsionantes: lecitinas (SOJA), vanilina), a\u00e7\u00facar, LEITE magro em p\u00f3, \u00f3leo de palma, MANTEIGA concentrada, emulsionantes: lecitinas (SOJA), vanilina.<\/p>\n<p><em>Sobre o total: produtos l\u00e1cteos 33% (leite magro em p\u00f3, leite inteiro em p\u00f3: 27,5%, manteiga concentrada 5,5%) &#8211; cacau 13%.<\/em><\/p>\n<p><strong>SEM GL\u00daTEN<\/strong><\/p>\n<table style=\"border-collapse: collapse; width: 100%;\" border=\"1\">\n<thead>\n<tr>\n<th style=\"padding: 6px; text-align: left;\">Nutriente<\/th>\n<th style=\"padding: 6px; text-align: left;\">Valor por 100 g<\/th>\n<\/tr>\n<\/thead>\n<tbody>\n<tr>\n<td style=\"padding: 6px;\">Valor energ\u00e9tico<\/td>\n<td style=\"padding: 6px;\">2.367 kJ \/ 566 kcal<\/td>\n<\/tr>\n<tr>\n<td style=\"padding: 6px;\">Gorduras<\/td>\n<td style=\"padding: 6px;\">35,1 g<\/td>\n<\/tr>\n<tr>\n<td style=\"padding: 6px;\">\u2014 das quais saturadas<\/td>\n<td style=\"padding: 6px;\">21,6 g<\/td>\n<\/tr>\n<tr>\n<td style=\"padding: 6px;\">Hidratos de carbono<\/td>\n<td style=\"padding: 6px;\">51,6 g<\/td>\n<\/tr>\n<tr>\n<td style=\"padding: 6px;\">\u2014 dos quais a\u00e7\u00facares<\/td>\n<td style=\"padding: 6px;\">51,7 g<\/td>\n<\/tr>\n<tr>\n<td style=\"padding: 6px;\">Prote\u00ednas<\/td>\n<td style=\"padding: 6px;\">7,8 g<\/td>\n<\/tr>\n<tr>\n<td style=\"padding: 6px;\">Sal<\/td>\n<td style=\"padding: 6px;\">0,2 g<\/td>\n<\/tr>\n<\/tbody>\n<\/table>\n<\/div>\n","protected":false},"excerpt":{"rendered":"<p>Surpreenda com a Caixa de Doces Personalizada. Um presente \u00fanico que combina do\u00e7ura e personaliza? [&#8230;]<\/p>\n","protected":false},"featured_media":497841,"comment_status":"open","ping_status":"closed","template":"","meta":{"_acf_changed":false},"product_brand":[],"product_cat":[1720],"product_tag":[1678,1677],"ai-category":[1755],"class_list":{"0":"post-497540","1":"product","2":"type-product","3":"status-publish","4":"has-post-thumbnail","6":"product_cat-doces-e-bombons-personalizados","7":"product_tag-casais","8":"product_tag-generico","9":"ai-category-chuches-y-bombones-personalizados","11":"first","12":"instock","13":"taxable","14":"shipping-taxable","15":"purchasable","16":"product-type-simple"},"acf":[],"df_price":20.99,"df_sale_price":"","df_regular_price":20.99,"df_image_link":"https:\/\/transparentgift.com\/pt\/wp-content\/uploads\/2026\/01\/1-16-300x300.jpg","_links":{"self":[{"href":"https:\/\/transparentgift.com\/pt\/wp-json\/wp\/v2\/product\/497540","targetHints":{"allow":["GET"]}}],"collection":[{"href":"https:\/\/transparentgift.com\/pt\/wp-json\/wp\/v2\/product"}],"about":[{"href":"https:\/\/transparentgift.com\/pt\/wp-json\/wp\/v2\/types\/product"}],"replies":[{"embeddable":true,"href":"https:\/\/transparentgift.com\/pt\/wp-json\/wp\/v2\/comments?post=497540"}],"wp:featuredmedia":[{"embeddable":true,"href":"https:\/\/transparentgift.com\/pt\/wp-json\/wp\/v2\/media\/497841"}],"wp:attachment":[{"href":"https:\/\/transparentgift.com\/pt\/wp-json\/wp\/v2\/media?parent=497540"}],"wp:term":[{"taxonomy":"product_brand","embeddable":true,"href":"https:\/\/transparentgift.com\/pt\/wp-json\/wp\/v2\/product_brand?post=497540"},{"taxonomy":"product_cat","embeddable":true,"href":"https:\/\/transparentgift.com\/pt\/wp-json\/wp\/v2\/product_cat?post=497540"},{"taxonomy":"product_tag","embeddable":true,"href":"https:\/\/transparentgift.com\/pt\/wp-json\/wp\/v2\/product_tag?post=497540"},{"taxonomy":"ai-category","embeddable":true,"href":"https:\/\/transparentgift.com\/pt\/wp-json\/wp\/v2\/ai-category?post=497540"}],"curies":[{"name":"wp","href":"https:\/\/api.w.org\/{rel}","templated":true}]}}