{"id":497543,"date":"2026-01-02T11:27:43","date_gmt":"2026-01-02T11:27:43","guid":{"rendered":"https:\/\/transparentgift.com\/pt\/caixa-de-doces-polaroid-coracoes-personalizada-com-foto-e-texto\/"},"modified":"2026-01-29T14:02:19","modified_gmt":"2026-01-29T14:02:19","slug":"caixa-de-doces-polaroid-coracoes-personalizada-com-foto-e-texto","status":"publish","type":"product","link":"https:\/\/transparentgift.com\/pt\/caixa-de-doces-polaroid-coracoes-personalizada-com-foto-e-texto\/","title":{"rendered":"Caixa de Doces Polaroid Cora\u00e7\u00f5es personalizada com Foto e Texto"},"content":{"rendered":"<p>Proporciona a <strong>surpresa mais doce e rom\u00e2ntica<\/strong> com esta <strong>caixa de gomas personalizada<\/strong>. O seu design encantador, que inclui uma <strong>foto em estilo polaroid emoldurada com pequenos cora\u00e7\u00f5es<\/strong>, \u00e9 perfeito para oferecer em ocasi\u00f5es especiais como o <strong>Dia dos Namorados<\/strong>, anivers\u00e1rios ou datas especiais.<\/p>\n<p><strong>Esta caixa \u00e9 totalmente personaliz\u00e1vel<\/strong>. Primeiro, <strong>carrega a foto mais especial<\/strong> para que se torne o centro do design. De seguida, <strong>escreve o texto mais emotivo<\/strong> que defina a vossa rela\u00e7\u00e3o, para que apare\u00e7a mesmo por baixo da foto, acrescentando um toque \u00fanico e significativo a este presente. Depois, escreve outro <strong>texto surpresa<\/strong> para decorar o interior da caixa.<\/p>\n<p>Por fim, seleciona o <strong>tamanho da caixa<\/strong> entre duas op\u00e7\u00f5es: Pequena ou Grande (esta tem um custo adicional de 5\u20ac). Se escolheste a caixa pequena, conter\u00e1 9 <strong>bombons de chocolate<\/strong>. Por outro lado, se optaste pela caixa grande, poder\u00e1s escolher se preferes que contenha gomas em forma de cora\u00e7\u00e3o ou guloseimas multicoloridas.<\/p>\n<p>A caixa \u00e9 fabricada com <strong>materiais de alta qualidade<\/strong>, que garantem a sua resist\u00eancia e durabilidade, ao mesmo tempo que mant\u00eam um design delicado e especial.<\/p>\n<p>N\u00e3o deixes passar a oportunidade de <strong>oferecer uma experi\u00eancia deliciosa e personalizada<\/strong>. Esta <strong>caixa surpresa<\/strong> ser\u00e1 o detalhe perfeito para expressares o teu amor e carinho, transformando qualquer ocasi\u00e3o num momento inesquec\u00edvel.<\/p>\n<p><strong>Caracter\u00edsticas:<\/strong><\/p>\n<ul>\n<li>Tamanho:\n<ul>\n<li>Pequena: 15 x 15 x 2,5 cm<\/li>\n<li>Grande: 28 x 18,5 x 2,5 cm<\/li>\n<\/ul>\n<\/li>\n<li>Material: cart\u00e3o de alta qualidade.<\/li>\n<li>Conte\u00fado:\n<ul>\n<li>Pequena: 9 bombons de chocolate.<\/li>\n<li>Grande: gomas multicoloridas ou gomas de cora\u00e7\u00e3o.<\/li>\n<\/ul>\n<\/li>\n<\/ul>\n<ul>\n<li style=\"list-style-type: none;\">\n<ul>\n<li style=\"list-style-type: none;\"><\/li>\n<\/ul>\n<\/li>\n<\/ul>\n<p><strong>CAIXA GOMAS CORA\u00c7\u00d5ES<\/strong><\/p>\n<p><strong>Ingredientes:<\/strong><\/p>\n<p>Xarope de glucose, a\u00e7\u00facar, \u00e1gua, gelatina, humectante: E420, acidulantes: E330, E270, aromas, corretor de acidez: E325, corantes: E129.<\/p>\n<table style=\"border-collapse: collapse; width: 100%; max-width: 400px;\" border=\"1\">\n<thead>\n<tr>\n<th style=\"padding: 6px;\">Nutriente<\/th>\n<th style=\"padding: 6px;\">Por 100 g de mistura<\/th>\n<\/tr>\n<\/thead>\n<tbody>\n<tr>\n<td style=\"padding: 6px;\">Valor energ\u00e9tico<\/td>\n<td style=\"padding: 6px;\">1.459 kJ \/ 345 kcal<\/td>\n<\/tr>\n<tr>\n<td style=\"padding: 6px;\">Gorduras<\/td>\n<td style=\"padding: 6px;\">0,2 g<\/td>\n<\/tr>\n<tr>\n<td style=\"padding: 6px;\">\u2014 das quais saturadas<\/td>\n<td style=\"padding: 6px;\">0,1 g<\/td>\n<\/tr>\n<tr>\n<td style=\"padding: 6px;\">Hidratos de carbono<\/td>\n<td style=\"padding: 6px;\">79,5 g<\/td>\n<\/tr>\n<tr>\n<td style=\"padding: 6px;\">\u2014 dos quais a\u00e7\u00facares<\/td>\n<td style=\"padding: 6px;\">49,4 g<\/td>\n<\/tr>\n<tr>\n<td style=\"padding: 6px;\">Prote\u00ednas<\/td>\n<td style=\"padding: 6px;\">4,5 g<\/td>\n<\/tr>\n<tr>\n<td style=\"padding: 6px;\">Sal<\/td>\n<td style=\"padding: 6px;\">0,02 g<\/td>\n<\/tr>\n<\/tbody>\n<\/table>\n<div style=\"font-family: sans-serif; line-height: 1.6; max-width: 600px;\">\n<p><strong>CAIXA GOMAS MULTICOLOR<\/strong><\/p>\n<p><strong>Ingredientes:<\/strong><\/p>\n<p>Xarope de glucose, a\u00e7\u00facar, \u00e1gua, gelatina, humectante: E420, acidulantes: E330, E270, gelificante: pectina, aromas, corretor de acidez: E325, corantes: E129<\/p>\n<table style=\"border-collapse: collapse; width: 100%;\" border=\"1\">\n<thead>\n<tr>\n<th style=\"padding: 6px; text-align: left;\">Nutriente<\/th>\n<th style=\"padding: 6px; text-align: left;\">Valor por 100 g<\/th>\n<\/tr>\n<\/thead>\n<tbody>\n<tr>\n<td style=\"padding: 6px;\">Valor energ\u00e9tico<\/td>\n<td style=\"padding: 6px;\">1.441 kJ \/ 344 kcal<\/td>\n<\/tr>\n<tr>\n<td style=\"padding: 6px;\">Gorduras<\/td>\n<td style=\"padding: 6px;\">0,2 g<\/td>\n<\/tr>\n<tr>\n<td style=\"padding: 6px;\">\u2014 das quais saturadas<\/td>\n<td style=\"padding: 6px;\">0,1 g<\/td>\n<\/tr>\n<tr>\n<td style=\"padding: 6px;\">Hidratos de carbono<\/td>\n<td style=\"padding: 6px;\">80,2 g<\/td>\n<\/tr>\n<tr>\n<td style=\"padding: 6px;\">\u2014 dos quais a\u00e7\u00facares<\/td>\n<td style=\"padding: 6px;\">49,7 g<\/td>\n<\/tr>\n<tr>\n<td style=\"padding: 6px;\">Prote\u00ednas<\/td>\n<td style=\"padding: 6px;\">3,8 g<\/td>\n<\/tr>\n<tr>\n<td style=\"padding: 6px;\">Sal<\/td>\n<td style=\"padding: 6px;\">0,02 g<\/td>\n<\/tr>\n<\/tbody>\n<\/table>\n<\/div>\n<div style=\"font-family: sans-serif; line-height: 1.6; max-width: 700px;\">\n<p><strong>CAIXA CHOCOLATES KINDER<\/strong><\/p>\n<p><strong>Schoko-Bons:<\/strong> Chocolate de leite extrafino 50% (a\u00e7\u00facar, leite inteiro em p\u00f3, manteiga de cacau, pasta de cacau, emulsionantes: lecitinas (soja), aromas), a\u00e7\u00facar. Leite magro em p\u00f3, gordura de palma, avel\u00e3s (5,8%), manteiga concentrada, chocolate negro (a\u00e7\u00facar, pasta de cacau, manteiga de cacau, emulsionantes: lecitinas (soja); aromas), agentes de revestimento (goma ar\u00e1bica, goma-laca), xarope de glucose, emulsionantes: lecitinas (soja), aromas.<\/p>\n<p><em>Do total: produtos l\u00e1cteos: 28%, cacau: 16,5%.<\/em><\/p>\n<p><strong>Kinder Bueno:<\/strong> Chocolate de leite 31% (a\u00e7\u00facar, manteiga de cacau, pasta de cacau, leite magro em p\u00f3, manteiga concentrada, emulsionantes: lecitinas (soja); baunilha), a\u00e7\u00facar, gordura de palma, farinha de trigo, avel\u00e3s 10,8%, leite magro em p\u00f3, leite inteiro em p\u00f3, chocolate negro (a\u00e7\u00facar, pasta de cacau, manteiga de cacau, emulsionantes: lecitinas (soja); baunilha), cacau magro, emulsionantes: lecitinas (soja); agente levedante (carbonato \u00e1cido de s\u00f3dio), sal, baunilha.<\/p>\n<p><em>Do total: produtos l\u00e1cteos 19%<\/em><\/p>\n<p><strong>Mini Kinder Chocolate:<\/strong><\/p>\n<p>Chocolate de LEITE extrafino 40% (a\u00e7\u00facar, LEITE inteiro em p\u00f3, manteiga de cacau, pasta de cacau, emulsionantes: lecitinas (SOJA), vanilina), a\u00e7\u00facar, LEITE magro em p\u00f3, gordura de palma, MANTEIGA concentrada, emulsionantes: lecitinas (SOJA), vanilina.<\/p>\n<p><em>Do total: produtos l\u00e1cteos 33% (leite magro em p\u00f3, leite inteiro em p\u00f3: 27,5%, manteiga concentrada 5,5%) &#8211; cacau 13%.<\/em><\/p>\n<p><strong>SEM GL\u00daTEN<\/strong><\/p>\n<table style=\"border-collapse: collapse; width: 100%;\" border=\"1\">\n<thead>\n<tr>\n<th style=\"padding: 6px; text-align: left;\">Nutriente<\/th>\n<th style=\"padding: 6px; text-align: left;\">Valor por 100 g<\/th>\n<\/tr>\n<\/thead>\n<tbody>\n<tr>\n<td style=\"padding: 6px;\">Valor energ\u00e9tico<\/td>\n<td style=\"padding: 6px;\">2.367 kJ \/ 566 kcal<\/td>\n<\/tr>\n<tr>\n<td style=\"padding: 6px;\">Gorduras<\/td>\n<td style=\"padding: 6px;\">35,1 g<\/td>\n<\/tr>\n<tr>\n<td style=\"padding: 6px;\">\u2014 das quais saturadas<\/td>\n<td style=\"padding: 6px;\">21,6 g<\/td>\n<\/tr>\n<tr>\n<td style=\"padding: 6px;\">Hidratos de carbono<\/td>\n<td style=\"padding: 6px;\">51,6 g<\/td>\n<\/tr>\n<tr>\n<td style=\"padding: 6px;\">\u2014 dos quais a\u00e7\u00facares<\/td>\n<td style=\"padding: 6px;\">51,7 g<\/td>\n<\/tr>\n<tr>\n<td style=\"padding: 6px;\">Prote\u00ednas<\/td>\n<td style=\"padding: 6px;\">7,8 g<\/td>\n<\/tr>\n<tr>\n<td style=\"padding: 6px;\">Sal<\/td>\n<td style=\"padding: 6px;\">0,2 g<\/td>\n<\/tr>\n<\/tbody>\n<\/table>\n<\/div>\n<div style=\"font-family: sans-serif; line-height: 1.6; max-width: 700px;\">\n<p><strong>CAIXA CHOCOLATES CORA\u00c7\u00c3O<\/strong><\/p>\n<p><strong>Ingredientes:<\/strong><\/p>\n<p>A\u00e7\u00facar, manteiga de cacau, \u00f3leos e gorduras vegetais (palma, palmiste e soja em propor\u00e7\u00f5es variadas), soro de leite, pasta de cacau, leite inteiro em p\u00f3, avel\u00e3 3%, mat\u00e9ria gorda l\u00e1ctea, cacau magro em p\u00f3, emulsionante E-322 (lecitina de soja), aroma natural de avel\u00e3 e baunilha.<\/p>\n<p>Pode conter vest\u00edgios de outros frutos de casca rija e amendoim. SEM GL\u00daTEN.<\/p>\n<p>Cacau m\u00edn. &#8211; Chocolate de leite: 35%<\/p>\n<table style=\"border-collapse: collapse; width: 100%;\" border=\"1\">\n<thead>\n<tr>\n<th style=\"padding: 6px; text-align: left;\">Nutriente<\/th>\n<th style=\"padding: 6px; text-align: left;\">Valor por 100 g<\/th>\n<\/tr>\n<\/thead>\n<tbody>\n<tr>\n<td style=\"padding: 6px;\">Valor energ\u00e9tico<\/td>\n<td style=\"padding: 6px;\">2.344 kJ \/ 562 kcal<\/td>\n<\/tr>\n<tr>\n<td style=\"padding: 6px;\">Gorduras<\/td>\n<td style=\"padding: 6px;\">35 g<\/td>\n<\/tr>\n<tr>\n<td style=\"padding: 6px;\">\u2014 das quais saturadas<\/td>\n<td style=\"padding: 6px;\">21,8 g<\/td>\n<\/tr>\n<tr>\n<td style=\"padding: 6px;\">Hidratos de carbono<\/td>\n<td style=\"padding: 6px;\">51,1 g<\/td>\n<\/tr>\n<tr>\n<td style=\"padding: 6px;\">\u2014 dos quais a\u00e7\u00facares<\/td>\n<td style=\"padding: 6px;\">54,5 g<\/td>\n<\/tr>\n<tr>\n<td style=\"padding: 6px;\">Prote\u00ednas<\/td>\n<td style=\"padding: 6px;\">5,4 g<\/td>\n<\/tr>\n<tr>\n<td style=\"padding: 6px;\">Sal<\/td>\n<td style=\"padding: 6px;\">0,17 g<\/td>\n<\/tr>\n<\/tbody>\n<\/table>\n<hr style=\"margin: 30px 0;\" \/>\n<p><strong>CAIXA GOMAS<\/strong><\/p>\n<p><strong>Ingredientes:<\/strong><\/p>\n<p>Xarope de glucose, a\u00e7\u00facar, \u00e1gua, gelatina, humectante: E420, acidulantes: E330, E270, gelificante: pectina, aromas, corretor de acidez: E325, corantes: E129<\/p>\n<table style=\"border-collapse: collapse; width: 100%;\" border=\"1\">\n<thead>\n<tr>\n<th style=\"padding: 6px; text-align: left;\">Nutriente<\/th>\n<th style=\"padding: 6px; text-align: left;\">Valor por 100 g<\/th>\n<\/tr>\n<\/thead>\n<tbody>\n<tr>\n<td style=\"padding: 6px;\">Valor energ\u00e9tico<\/td>\n<td style=\"padding: 6px;\">1.490 kJ \/ 356 kcal<\/td>\n<\/tr>\n<tr>\n<td style=\"padding: 6px;\">Gorduras<\/td>\n<td style=\"padding: 6px;\">0,3 g<\/td>\n<\/tr>\n<tr>\n<td style=\"padding: 6px;\">\u2014 das quais saturadas<\/td>\n<td style=\"padding: 6px;\">0,1 g<\/td>\n<\/tr>\n<tr>\n<td style=\"padding: 6px;\">Hidratos de carbono<\/td>\n<td style=\"padding: 6px;\">81,6 g<\/td>\n<\/tr>\n<tr>\n<td style=\"padding: 6px;\">\u2014 dos quais a\u00e7\u00facares<\/td>\n<td style=\"padding: 6px;\">52,3 g<\/td>\n<\/tr>\n<tr>\n<td style=\"padding: 6px;\">Prote\u00ednas<\/td>\n<td style=\"padding: 6px;\">5,9 g<\/td>\n<\/tr>\n<tr>\n<td style=\"padding: 6px;\">Sal<\/td>\n<td style=\"padding: 6px;\">0,2 g<\/td>\n<\/tr>\n<\/tbody>\n<\/table>\n<\/div>\n","protected":false},"excerpt":{"rendered":"<p>Proporciona a surpresa mais doce e rom\u00e2ntica com esta caixa de gomas personalizada. O seu design en [&#8230;]<\/p>\n","protected":false},"featured_media":497845,"comment_status":"open","ping_status":"closed","template":"","meta":{"_acf_changed":false},"product_brand":[],"product_cat":[1720],"product_tag":[1678],"ai-category":[1755],"class_list":{"0":"post-497543","1":"product","2":"type-product","3":"status-publish","4":"has-post-thumbnail","6":"product_cat-doces-e-bombons-personalizados","7":"product_tag-casais","8":"ai-category-chuches-y-bombones-personalizados","10":"first","11":"instock","12":"taxable","13":"shipping-taxable","14":"purchasable","15":"product-type-simple"},"acf":[],"df_price":10.99,"df_sale_price":"","df_regular_price":10.99,"df_image_link":"https:\/\/transparentgift.com\/pt\/wp-content\/uploads\/2026\/01\/1-17-300x300.jpg","_links":{"self":[{"href":"https:\/\/transparentgift.com\/pt\/wp-json\/wp\/v2\/product\/497543","targetHints":{"allow":["GET"]}}],"collection":[{"href":"https:\/\/transparentgift.com\/pt\/wp-json\/wp\/v2\/product"}],"about":[{"href":"https:\/\/transparentgift.com\/pt\/wp-json\/wp\/v2\/types\/product"}],"replies":[{"embeddable":true,"href":"https:\/\/transparentgift.com\/pt\/wp-json\/wp\/v2\/comments?post=497543"}],"wp:featuredmedia":[{"embeddable":true,"href":"https:\/\/transparentgift.com\/pt\/wp-json\/wp\/v2\/media\/497845"}],"wp:attachment":[{"href":"https:\/\/transparentgift.com\/pt\/wp-json\/wp\/v2\/media?parent=497543"}],"wp:term":[{"taxonomy":"product_brand","embeddable":true,"href":"https:\/\/transparentgift.com\/pt\/wp-json\/wp\/v2\/product_brand?post=497543"},{"taxonomy":"product_cat","embeddable":true,"href":"https:\/\/transparentgift.com\/pt\/wp-json\/wp\/v2\/product_cat?post=497543"},{"taxonomy":"product_tag","embeddable":true,"href":"https:\/\/transparentgift.com\/pt\/wp-json\/wp\/v2\/product_tag?post=497543"},{"taxonomy":"ai-category","embeddable":true,"href":"https:\/\/transparentgift.com\/pt\/wp-json\/wp\/v2\/ai-category?post=497543"}],"curies":[{"name":"wp","href":"https:\/\/api.w.org\/{rel}","templated":true}]}}