{"id":497544,"date":"2026-01-02T11:27:44","date_gmt":"2026-01-02T11:27:44","guid":{"rendered":"https:\/\/transparentgift.com\/pt\/caixa-de-doces-personalizada-com-a-sua-foto\/"},"modified":"2026-01-29T14:01:58","modified_gmt":"2026-01-29T14:01:58","slug":"caixa-de-doces-personalizada-com-a-sua-foto","status":"publish","type":"product","link":"https:\/\/transparentgift.com\/pt\/caixa-de-doces-personalizada-com-a-sua-foto\/","title":{"rendered":"Caixa de Doces personalizada com a sua Foto"},"content":{"rendered":"<p><strong>Descubra a magia de oferecer do\u00e7ura personalizada<\/strong>. A Caixa de Doces com a sua Foto \u00e9 o detalhe perfeito para expressar amor e amizade.<\/p>\n<p>Personalize cada momento especial com uma caixa que leva a sua foto favorita na tampa. Um presente \u00fanico que combina o prazer visual e o prazer do paladar.<\/p>\n<p>Ideal para anivers\u00e1rios, Dia dos Namorados, anivers\u00e1rios de nascimento, Dia da M\u00e3e ou do Pai, ou simplesmente para surpreender algu\u00e9m especial em qualquer ocasi\u00e3o. Esta caixa \u00e9 um presente inesquec\u00edvel que fala do cora\u00e7\u00e3o com todo o amor pela sua cara-metade, amigo ou familiar.<\/p>\n<h4><strong>Caracter\u00edsticas:<\/strong><\/h4>\n<ul>\n<li>Tamanho:\n<ul>\n<li>Pequena: 15 x 15 x 2,5 cm<\/li>\n<li>Grande: 28 x 18,5 x 2,5 cm<\/li>\n<\/ul>\n<\/li>\n<li>Material: cart\u00e3o de alta qualidade.<\/li>\n<li>Conte\u00fado:\n<ul>\n<li>Pequena: 9 bombons de chocolate.<\/li>\n<li>Grande: gomas multicolor ou gomas de cora\u00e7\u00e3o.<\/li>\n<\/ul>\n<\/li>\n<\/ul>\n<p><strong>CAIXA DE GOMAS DE CORA\u00c7\u00c3O<\/strong><\/p>\n<p><strong>Ingredientes:<\/strong><\/p>\n<p>Xarope de glucose, a\u00e7\u00facar, \u00e1gua, gelatina, humectante: E420, acidulantes: E330, E270, aromas, corretor de acidez: E325, corantes: E129.<\/p>\n<table style=\"border-collapse: collapse; width: 100%; max-width: 400px;\" border=\"1\">\n<thead>\n<tr>\n<th style=\"padding: 6px;\">Nutriente<\/th>\n<th style=\"padding: 6px;\">Por 100 g de mistura<\/th>\n<\/tr>\n<\/thead>\n<tbody>\n<tr>\n<td style=\"padding: 6px;\">Valor energ\u00e9tico<\/td>\n<td style=\"padding: 6px;\">1.459 kJ \/ 345 kcal<\/td>\n<\/tr>\n<tr>\n<td style=\"padding: 6px;\">Gorduras<\/td>\n<td style=\"padding: 6px;\">0,2 g<\/td>\n<\/tr>\n<tr>\n<td style=\"padding: 6px;\">\u2014 das quais saturadas<\/td>\n<td style=\"padding: 6px;\">0,1 g<\/td>\n<\/tr>\n<tr>\n<td style=\"padding: 6px;\">Hidratos de carbono<\/td>\n<td style=\"padding: 6px;\">79,5 g<\/td>\n<\/tr>\n<tr>\n<td style=\"padding: 6px;\">\u2014 dos quais a\u00e7\u00facares<\/td>\n<td style=\"padding: 6px;\">49,4 g<\/td>\n<\/tr>\n<tr>\n<td style=\"padding: 6px;\">Prote\u00ednas<\/td>\n<td style=\"padding: 6px;\">4,5 g<\/td>\n<\/tr>\n<tr>\n<td style=\"padding: 6px;\">Sal<\/td>\n<td style=\"padding: 6px;\">0,02 g<\/td>\n<\/tr>\n<\/tbody>\n<\/table>\n<div style=\"font-family: sans-serif; line-height: 1.6; max-width: 600px;\">\n<p><strong>CAIXA DE GOMAS MULTICOLOR<\/strong><\/p>\n<p><strong>Ingredientes:<\/strong><\/p>\n<p>Xarope de glucose, a\u00e7\u00facar, \u00e1gua, gelatina, humectante: E420, acidulantes: E330, E270, gelificante: pectina, aromas, corretor de acidez: E325, corantes: E129<\/p>\n<table style=\"border-collapse: collapse; width: 100%;\" border=\"1\">\n<thead>\n<tr>\n<th style=\"padding: 6px; text-align: left;\">Nutriente<\/th>\n<th style=\"padding: 6px; text-align: left;\">Valor por 100 g<\/th>\n<\/tr>\n<\/thead>\n<tbody>\n<tr>\n<td style=\"padding: 6px;\">Valor energ\u00e9tico<\/td>\n<td style=\"padding: 6px;\">1.441 kJ \/ 344 kcal<\/td>\n<\/tr>\n<tr>\n<td style=\"padding: 6px;\">Gorduras<\/td>\n<td style=\"padding: 6px;\">0,2 g<\/td>\n<\/tr>\n<tr>\n<td style=\"padding: 6px;\">\u2014 das quais saturadas<\/td>\n<td style=\"padding: 6px;\">0,1 g<\/td>\n<\/tr>\n<tr>\n<td style=\"padding: 6px;\">Hidratos de carbono<\/td>\n<td style=\"padding: 6px;\">80,2 g<\/td>\n<\/tr>\n<tr>\n<td style=\"padding: 6px;\">\u2014 dos quais a\u00e7\u00facares<\/td>\n<td style=\"padding: 6px;\">49,7 g<\/td>\n<\/tr>\n<tr>\n<td style=\"padding: 6px;\">Prote\u00ednas<\/td>\n<td style=\"padding: 6px;\">3,8 g<\/td>\n<\/tr>\n<tr>\n<td style=\"padding: 6px;\">Sal<\/td>\n<td style=\"padding: 6px;\">0,02 g<\/td>\n<\/tr>\n<\/tbody>\n<\/table>\n<\/div>\n<div style=\"font-family: sans-serif; line-height: 1.6; max-width: 700px;\">\n<p><strong>CAIXA DE CHOCOLATES KINDER<\/strong><\/p>\n<p><strong>Schoko-Bons:<\/strong> Chocolate de leite extrafino 50% (a\u00e7\u00facar, leite inteiro em p\u00f3, manteiga de cacau, pasta de cacau, emulsionantes: lecitinas (soja), aromas), a\u00e7\u00facar. Leite magro em p\u00f3, gordura de palma, avel\u00e3s (5,8%), manteiga concentrada, chocolate negro (a\u00e7\u00facar, pasta de cacau, manteiga de cacau, emulsionantes: lecitinas (soja); aromas), agentes de revestimento (goma ar\u00e1bica, goma-laca), xarope de glucose, emulsionantes: lecitinas (soja), aromas.<\/p>\n<p><em>Do total: produtos l\u00e1cteos: 28%, cacau: 16,5%.<\/em><\/p>\n<p><strong>Kinder Bueno:<\/strong> Chocolate de leite 31% (a\u00e7\u00facar, manteiga de cacau, pasta de cacau, leite magro em p\u00f3, manteiga concentrada, emulsionantes: lecitinas (soja); baunilha), a\u00e7\u00facar, gordura de palma, farinha de trigo, avel\u00e3s 10,8%, leite magro em p\u00f3, leite inteiro em p\u00f3, chocolate negro (a\u00e7\u00facar, pasta de cacau, manteiga de cacau, emulsionantes: lecitinas (soja); baunilha), cacau magro, emulsionantes: lecitinas (soja); agente levedante (carbonato \u00e1cido de s\u00f3dio), sal, baunilha.<\/p>\n<p><em>Do total: produtos l\u00e1cteos 19%<\/em><\/p>\n<p><strong>Mini Kinder Chocolate:<\/strong><\/p>\n<p>Chocolate de LEITE extrafino 40% (a\u00e7\u00facar, LEITE inteiro em p\u00f3, manteiga de cacau, pasta de cacau, emulsionantes: lecitinas (SOJA), vanilina), a\u00e7\u00facar, LEITE magro em p\u00f3, gordura de palma, MANTEIGA concentrada, emulsionantes: lecitinas (SOJA), vanilina.<\/p>\n<p><em>Do total: produtos l\u00e1cteos 33% (leite magro em p\u00f3, leite inteiro em p\u00f3: 27,5%, manteiga concentrada 5,5%) &#8211; cacau 13%.<\/em><\/p>\n<p><strong>SEM GL\u00daTEN<\/strong><\/p>\n<table style=\"border-collapse: collapse; width: 100%;\" border=\"1\">\n<thead>\n<tr>\n<th style=\"padding: 6px; text-align: left;\">Nutriente<\/th>\n<th style=\"padding: 6px; text-align: left;\">Valor por 100 g<\/th>\n<\/tr>\n<\/thead>\n<tbody>\n<tr>\n<td style=\"padding: 6px;\">Valor energ\u00e9tico<\/td>\n<td style=\"padding: 6px;\">2.367 kJ \/ 566 kcal<\/td>\n<\/tr>\n<tr>\n<td style=\"padding: 6px;\">Gorduras<\/td>\n<td style=\"padding: 6px;\">35,1 g<\/td>\n<\/tr>\n<tr>\n<td style=\"padding: 6px;\">\u2014 das quais saturadas<\/td>\n<td style=\"padding: 6px;\">21,6 g<\/td>\n<\/tr>\n<tr>\n<td style=\"padding: 6px;\">Hidratos de carbono<\/td>\n<td style=\"padding: 6px;\">51,6 g<\/td>\n<\/tr>\n<tr>\n<td style=\"padding: 6px;\">\u2014 dos quais a\u00e7\u00facares<\/td>\n<td style=\"padding: 6px;\">51,7 g<\/td>\n<\/tr>\n<tr>\n<td style=\"padding: 6px;\">Prote\u00ednas<\/td>\n<td style=\"padding: 6px;\">7,8 g<\/td>\n<\/tr>\n<tr>\n<td style=\"padding: 6px;\">Sal<\/td>\n<td style=\"padding: 6px;\">0,2 g<\/td>\n<\/tr>\n<\/tbody>\n<\/table>\n<\/div>\n<div style=\"font-family: sans-serif; line-height: 1.6; max-width: 700px;\">\n<p><strong>CAIXA DE CHOCOLATES CORA\u00c7\u00c3O<\/strong><\/p>\n<p><strong>Ingredientes:<\/strong><\/p>\n<p>A\u00e7\u00facar, manteiga de cacau, \u00f3leos e gorduras vegetais (palma, palmiste e soja em propor\u00e7\u00f5es variadas), soro de leite, pasta de cacau, leite inteiro em p\u00f3, avel\u00e3 3%, mat\u00e9ria gorda l\u00e1ctea, cacau em p\u00f3 magro, emulsionante E-322 (lecitina de soja), aroma natural de avel\u00e3 e baunilha.<\/p>\n<p>Pode conter vest\u00edgios de outros frutos de casca rija e amendoim. SEM GL\u00daTEN.<\/p>\n<p>Cacau m\u00edn. &#8211; Chocolate de leite: 35%<\/p>\n<table style=\"border-collapse: collapse; width: 100%;\" border=\"1\">\n<thead>\n<tr>\n<th style=\"padding: 6px; text-align: left;\">Nutriente<\/th>\n<th style=\"padding: 6px; text-align: left;\">Valor por 100 g<\/th>\n<\/tr>\n<\/thead>\n<tbody>\n<tr>\n<td style=\"padding: 6px;\">Valor energ\u00e9tico<\/td>\n<td style=\"padding: 6px;\">2.344 kJ \/ 562 kcal<\/td>\n<\/tr>\n<tr>\n<td style=\"padding: 6px;\">Gorduras<\/td>\n<td style=\"padding: 6px;\">35 g<\/td>\n<\/tr>\n<tr>\n<td style=\"padding: 6px;\">\u2014 das quais saturadas<\/td>\n<td style=\"padding: 6px;\">21,8 g<\/td>\n<\/tr>\n<tr>\n<td style=\"padding: 6px;\">Hidratos de carbono<\/td>\n<td style=\"padding: 6px;\">51,1 g<\/td>\n<\/tr>\n<tr>\n<td style=\"padding: 6px;\">\u2014 dos quais a\u00e7\u00facares<\/td>\n<td style=\"padding: 6px;\">54,5 g<\/td>\n<\/tr>\n<tr>\n<td style=\"padding: 6px;\">Prote\u00ednas<\/td>\n<td style=\"padding: 6px;\">5,4 g<\/td>\n<\/tr>\n<tr>\n<td style=\"padding: 6px;\">Sal<\/td>\n<td style=\"padding: 6px;\">0,17 g<\/td>\n<\/tr>\n<\/tbody>\n<\/table>\n<hr style=\"margin: 30px 0;\" \/>\n<p><strong>CAIXA DE GOMAS<\/strong><\/p>\n<p><strong>Ingredientes:<\/strong><\/p>\n<p>Xarope de glucose, a\u00e7\u00facar, \u00e1gua, gelatina, humectante: E420, acidulantes: E330, E270, gelificante: pectina, aromas, corretor de acidez: E325, corantes: E129<\/p>\n<table style=\"border-collapse: collapse; width: 100%;\" border=\"1\">\n<thead>\n<tr>\n<th style=\"padding: 6px; text-align: left;\">Nutriente<\/th>\n<th style=\"padding: 6px; text-align: left;\">Valor por 100 g<\/th>\n<\/tr>\n<\/thead>\n<tbody>\n<tr>\n<td style=\"padding: 6px;\">Valor energ\u00e9tico<\/td>\n<td style=\"padding: 6px;\">1.490 kJ \/ 356 kcal<\/td>\n<\/tr>\n<tr>\n<td style=\"padding: 6px;\">Gorduras<\/td>\n<td style=\"padding: 6px;\">0,3 g<\/td>\n<\/tr>\n<tr>\n<td style=\"padding: 6px;\">\u2014 das quais saturadas<\/td>\n<td style=\"padding: 6px;\">0,1 g<\/td>\n<\/tr>\n<tr>\n<td style=\"padding: 6px;\">Hidratos de carbono<\/td>\n<td style=\"padding: 6px;\">81,6 g<\/td>\n<\/tr>\n<tr>\n<td style=\"padding: 6px;\">\u2014 dos quais a\u00e7\u00facares<\/td>\n<td style=\"padding: 6px;\">52,3 g<\/td>\n<\/tr>\n<tr>\n<td style=\"padding: 6px;\">Prote\u00ednas<\/td>\n<td style=\"padding: 6px;\">5,9 g<\/td>\n<\/tr>\n<tr>\n<td style=\"padding: 6px;\">Sal<\/td>\n<td style=\"padding: 6px;\">0,2 g<\/td>\n<\/tr>\n<\/tbody>\n<\/table>\n<\/div>\n","protected":false},"excerpt":{"rendered":"<p>Descubra a magia de oferecer do\u00e7ura personalizada. A Caixa de Doces com a sua Foto \u00e9 o detalhe per [&#8230;]<\/p>\n","protected":false},"featured_media":497641,"comment_status":"open","ping_status":"closed","template":"","meta":{"_acf_changed":false},"product_brand":[],"product_cat":[1720],"product_tag":[1678,1677,1680],"ai-category":[1755],"class_list":{"0":"post-497544","1":"product","2":"type-product","3":"status-publish","4":"has-post-thumbnail","6":"product_cat-doces-e-bombons-personalizados","7":"product_tag-casais","8":"product_tag-generico","9":"product_tag-mulheres","10":"ai-category-chuches-y-bombones-personalizados","12":"first","13":"instock","14":"taxable","15":"shipping-taxable","16":"purchasable","17":"product-type-simple"},"acf":[],"df_price":10.99,"df_sale_price":"","df_regular_price":10.99,"df_image_link":"https:\/\/transparentgift.com\/pt\/wp-content\/uploads\/2026\/01\/1-9-300x300.jpg","_links":{"self":[{"href":"https:\/\/transparentgift.com\/pt\/wp-json\/wp\/v2\/product\/497544","targetHints":{"allow":["GET"]}}],"collection":[{"href":"https:\/\/transparentgift.com\/pt\/wp-json\/wp\/v2\/product"}],"about":[{"href":"https:\/\/transparentgift.com\/pt\/wp-json\/wp\/v2\/types\/product"}],"replies":[{"embeddable":true,"href":"https:\/\/transparentgift.com\/pt\/wp-json\/wp\/v2\/comments?post=497544"}],"wp:featuredmedia":[{"embeddable":true,"href":"https:\/\/transparentgift.com\/pt\/wp-json\/wp\/v2\/media\/497641"}],"wp:attachment":[{"href":"https:\/\/transparentgift.com\/pt\/wp-json\/wp\/v2\/media?parent=497544"}],"wp:term":[{"taxonomy":"product_brand","embeddable":true,"href":"https:\/\/transparentgift.com\/pt\/wp-json\/wp\/v2\/product_brand?post=497544"},{"taxonomy":"product_cat","embeddable":true,"href":"https:\/\/transparentgift.com\/pt\/wp-json\/wp\/v2\/product_cat?post=497544"},{"taxonomy":"product_tag","embeddable":true,"href":"https:\/\/transparentgift.com\/pt\/wp-json\/wp\/v2\/product_tag?post=497544"},{"taxonomy":"ai-category","embeddable":true,"href":"https:\/\/transparentgift.com\/pt\/wp-json\/wp\/v2\/ai-category?post=497544"}],"curies":[{"name":"wp","href":"https:\/\/api.w.org\/{rel}","templated":true}]}}