{"id":497546,"date":"2026-01-02T11:27:46","date_gmt":"2026-01-02T11:27:46","guid":{"rendered":"https:\/\/transparentgift.com\/pt\/candeeiro-coracoes-personalizado-com-mapa-do-amor-e-fotos\/"},"modified":"2026-01-29T14:01:43","modified_gmt":"2026-01-29T14:01:43","slug":"candeeiro-coracoes-personalizado-com-mapa-do-amor-e-fotos","status":"publish","type":"product","link":"https:\/\/transparentgift.com\/pt\/candeeiro-coracoes-personalizado-com-mapa-do-amor-e-fotos\/","title":{"rendered":"Candeeiro Cora\u00e7\u00f5es personalizado com Mapa do Amor e Fotos"},"content":{"rendered":"<p><strong>Surpreende a tua cara-metade neste Dia dos Namorados<\/strong> com um candeeiro personalizado com foto, localiza\u00e7\u00e3o e texto que capta um dos momentos mais emotivos da vossa rela\u00e7\u00e3o. Este presente \u00fanico e rom\u00e2ntico \u00e9 perfeito para celebrar o vosso amor enquanto decoram qualquer cantinho especial da vossa casa.<\/p>\n<p>Como personalizar? O design deste candeeiro permite adicionar uma foto especial que ficar\u00e1 gravada dentro de um cora\u00e7\u00e3o e assinalar uma localiza\u00e7\u00e3o no mapa que tem muito significado para voc\u00eas, emoldurada noutro cora\u00e7\u00e3o. Depois, poder\u00e1s adicionar os vossos nomes para que apare\u00e7am na parte superior e escrever um texto rom\u00e2ntico que ser\u00e1 mostrado na base do candeeiro. Al\u00e9m disso, tens a op\u00e7\u00e3o de gravar um texto adicional na base de madeira, por um pequeno custo extra. Por fim, podes selecionar se pretendes a base de madeira ou a moldura de luz.<\/p>\n<p>A placa \u00e9 fabricada em metacrilato transparente de alta qualidade, que oferece um acabamento moderno e sofisticado, enquanto a base de madeira acrescenta aconchego e um design decorativo ideal para qualquer espa\u00e7o. O candeeiro inclui uma luz LED quente com liga\u00e7\u00e3o USB, proporcionando uma ilumina\u00e7\u00e3o suave e acolhedora que real\u00e7a os detalhes gravados.<\/p>\n<p>Faz com que este Dia dos Namorados seja inesquec\u00edvel com um detalhe \u00fanico e especial que a tua cara-metade ir\u00e1 guardar para sempre. \u00c9 ideal para colocar na mesa de cabeceira, numa secret\u00e1ria ou numa prateleira, iluminando as vossas mem\u00f3rias mais valiosas.<\/p>\n<p><strong>Caracter\u00edsticas:<\/strong><\/p>\n<ul>\n<li>Tamanho:\n<ul>\n<li>Com base: 19 \u00d7 14,5 x 4,5 cm<\/li>\n<li>Com moldura: 21 x 17 cm<\/li>\n<\/ul>\n<\/li>\n<li>Material:\n<ul>\n<li>Placa: Metacrilato de alta qualidade.<\/li>\n<li>Base: Madeira de alta qualidade.<\/li>\n<\/ul>\n<\/li>\n<li>Inclui: Luz LED quente. Cabo USB. Packaging com caixa para oferta.<\/li>\n<li>Manuten\u00e7\u00e3o: Limpa-se de forma simples com a ajuda da toalhita inclu\u00edda.<\/li>\n<\/ul>\n","protected":false},"excerpt":{"rendered":"<p>Surpreende a tua cara-metade neste Dia dos Namorados com um candeeiro personalizado com foto, locali [&#8230;]<\/p>\n","protected":false},"featured_media":497599,"comment_status":"open","ping_status":"closed","template":"","meta":{"_acf_changed":false},"product_brand":[],"product_cat":[1682],"product_tag":[1678],"class_list":{"0":"post-497546","1":"product","2":"type-product","3":"status-publish","4":"has-post-thumbnail","6":"product_cat-candeeiros-personalizados","7":"product_tag-casais","9":"first","10":"instock","11":"taxable","12":"shipping-taxable","13":"purchasable","14":"product-type-simple"},"acf":[],"df_price":16.99,"df_sale_price":"","df_regular_price":16.99,"df_image_link":"https:\/\/transparentgift.com\/pt\/wp-content\/uploads\/2026\/01\/1-4-300x300.jpg","_links":{"self":[{"href":"https:\/\/transparentgift.com\/pt\/wp-json\/wp\/v2\/product\/497546","targetHints":{"allow":["GET"]}}],"collection":[{"href":"https:\/\/transparentgift.com\/pt\/wp-json\/wp\/v2\/product"}],"about":[{"href":"https:\/\/transparentgift.com\/pt\/wp-json\/wp\/v2\/types\/product"}],"replies":[{"embeddable":true,"href":"https:\/\/transparentgift.com\/pt\/wp-json\/wp\/v2\/comments?post=497546"}],"wp:featuredmedia":[{"embeddable":true,"href":"https:\/\/transparentgift.com\/pt\/wp-json\/wp\/v2\/media\/497599"}],"wp:attachment":[{"href":"https:\/\/transparentgift.com\/pt\/wp-json\/wp\/v2\/media?parent=497546"}],"wp:term":[{"taxonomy":"product_brand","embeddable":true,"href":"https:\/\/transparentgift.com\/pt\/wp-json\/wp\/v2\/product_brand?post=497546"},{"taxonomy":"product_cat","embeddable":true,"href":"https:\/\/transparentgift.com\/pt\/wp-json\/wp\/v2\/product_cat?post=497546"},{"taxonomy":"product_tag","embeddable":true,"href":"https:\/\/transparentgift.com\/pt\/wp-json\/wp\/v2\/product_tag?post=497546"}],"curies":[{"name":"wp","href":"https:\/\/api.w.org\/{rel}","templated":true}]}}