{"id":497547,"date":"2026-01-02T11:27:47","date_gmt":"2026-01-02T11:27:47","guid":{"rendered":"https:\/\/transparentgift.com\/pt\/placa-coracoes-com-mapa-do-amor-e-fotos-personalizada\/"},"modified":"2026-01-29T14:02:29","modified_gmt":"2026-01-29T14:02:29","slug":"placa-coracoes-com-mapa-do-amor-e-fotos-personalizada","status":"publish","type":"product","link":"https:\/\/transparentgift.com\/pt\/placa-coracoes-com-mapa-do-amor-e-fotos-personalizada\/","title":{"rendered":"Placa Cora\u00e7\u00f5es com Mapa do Amor e Fotos personalizada"},"content":{"rendered":"<p><strong>Surpreende a tua cara-metade neste Dia dos Namorados<\/strong> com uma placa personalizada com foto, localiza\u00e7\u00e3o e texto que capta um dos momentos mais emotivos da vossa rela\u00e7\u00e3o. Este presente \u00fanico e rom\u00e2ntico \u00e9 perfeito para celebrar o vosso amor enquanto decoram qualquer cantinho especial da vossa casa.<\/p>\n<p>Como personalizar? O design desta placa permite-te adicionar uma foto especial que ficar\u00e1 gravada dentro de um cora\u00e7\u00e3o e assinalar uma localiza\u00e7\u00e3o no mapa que tem muito significado para voc\u00eas, emoldurada noutro cora\u00e7\u00e3o. Depois, poder\u00e1s adicionar os vossos nomes para que apare\u00e7am na parte superior e escrever um texto rom\u00e2ntico que ser\u00e1 mostrado na parte inferior do design. Em seguida, escolhe o tamanho de que mais gostas entre as duas op\u00e7\u00f5es: 15 cm x 20 cm e 21 cm x 29,7 cm, por um pequeno extra de 3\u20ac. Al\u00e9m disso, podes personaliz\u00e1-la ainda mais adicionando um acess\u00f3rio, como uma base de madeira, uma base de vidro ou uma moldura de madeira.<\/p>\n<p>A placa \u00e9 fabricada em metacrilato transparente de alta qualidade, um material resistente e duradouro que oferece um acabamento moderno e sofisticado. Cada um dos acess\u00f3rios acrescenta aconchego a um design decorativo ideal para qualquer espa\u00e7o.<\/p>\n<p>Este presente \u00e9 o detalhe perfeito para expressar o teu amor de uma forma personalizada e especial. \u00c9 ideal para colocar na mesa de cabeceira, numa secret\u00e1ria ou numa prateleira, decorando os vossos espa\u00e7os com as recorda\u00e7\u00f5es mais importantes da vossa rela\u00e7\u00e3o.<\/p>\n<p>Faz com que este Dia dos Namorados seja inesquec\u00edvel com um detalhe que a tua cara-metade ir\u00e1 guardar para sempre. Celebra o vosso amor e os momentos mais especiais com esta placa personalizada, um presente \u00fanico que simboliza a vossa hist\u00f3ria.<\/p>\n<p><strong>Caracter\u00edsticas:<\/strong><\/p>\n<ul>\n<li>Tamanho: 15 x 20 cm \/ 29,7 x 21 cm<\/li>\n<li>Material: metacrilato de alta qualidade.<\/li>\n<li>Inclui: packaging com caixa para presente.<\/li>\n<li>Extras: base de vidro, base de madeira ou moldura de madeira.<\/li>\n<li>Manuten\u00e7\u00e3o: limpa-se de forma simples com a ajuda da toalhita seca.<\/li>\n<\/ul>\n","protected":false},"excerpt":{"rendered":"<p>Surpreende a tua cara-metade neste Dia dos Namorados com uma placa personalizada com foto, localiza? [&#8230;]<\/p>\n","protected":false},"featured_media":497603,"comment_status":"open","ping_status":"closed","template":"","meta":{"_acf_changed":false},"product_brand":[],"product_cat":[1676],"product_tag":[1678],"class_list":{"0":"post-497547","1":"product","2":"type-product","3":"status-publish","4":"has-post-thumbnail","6":"product_cat-fotos-em-metacrilato-personalizadas","7":"product_tag-casais","9":"first","10":"instock","11":"taxable","12":"shipping-taxable","13":"purchasable","14":"product-type-simple"},"acf":[],"df_price":17.99,"df_sale_price":"","df_regular_price":17.99,"df_image_link":"https:\/\/transparentgift.com\/pt\/wp-content\/uploads\/2026\/01\/1-5-300x300.jpg","_links":{"self":[{"href":"https:\/\/transparentgift.com\/pt\/wp-json\/wp\/v2\/product\/497547","targetHints":{"allow":["GET"]}}],"collection":[{"href":"https:\/\/transparentgift.com\/pt\/wp-json\/wp\/v2\/product"}],"about":[{"href":"https:\/\/transparentgift.com\/pt\/wp-json\/wp\/v2\/types\/product"}],"replies":[{"embeddable":true,"href":"https:\/\/transparentgift.com\/pt\/wp-json\/wp\/v2\/comments?post=497547"}],"wp:featuredmedia":[{"embeddable":true,"href":"https:\/\/transparentgift.com\/pt\/wp-json\/wp\/v2\/media\/497603"}],"wp:attachment":[{"href":"https:\/\/transparentgift.com\/pt\/wp-json\/wp\/v2\/media?parent=497547"}],"wp:term":[{"taxonomy":"product_brand","embeddable":true,"href":"https:\/\/transparentgift.com\/pt\/wp-json\/wp\/v2\/product_brand?post=497547"},{"taxonomy":"product_cat","embeddable":true,"href":"https:\/\/transparentgift.com\/pt\/wp-json\/wp\/v2\/product_cat?post=497547"},{"taxonomy":"product_tag","embeddable":true,"href":"https:\/\/transparentgift.com\/pt\/wp-json\/wp\/v2\/product_tag?post=497547"}],"curies":[{"name":"wp","href":"https:\/\/api.w.org\/{rel}","templated":true}]}}