{"id":498529,"date":"2026-02-16T23:49:59","date_gmt":"2026-02-16T23:49:59","guid":{"rendered":"https:\/\/transparentgift.com\/pt\/lampada-pai-multicolor-personalizada\/"},"modified":"2026-05-14T16:38:25","modified_gmt":"2026-05-14T15:38:25","slug":"candeeiro-papa-multicolor-personalizada","status":"publish","type":"product","link":"https:\/\/transparentgift.com\/pt\/candeeiro-papa-multicolor-personalizada\/","title":{"rendered":"Candeeiro Pap\u00e1 multicolor personalizada"},"content":{"rendered":"<p><strong>L\u00e2mpada Pap\u00e1 multicolor personalizada<\/strong>. Um presente \u00fanico que ilumina com amor e recorda\u00e7\u00f5es especiais.<\/p>\n<p>Esta l\u00e2mpada personaliz\u00e1vel \u00e9 perfeita para surpreender o pai com um toque de aconchego e criatividade. Com espa\u00e7o para 4 fotos e a palavra &#8220;Pap\u00e1&#8221; gravada em metacrilato, \u00e9 um detalhe que combina funcionalidade e emo\u00e7\u00e3o.<\/p>\n<p>Ideal para o <strong>Dia do Pai<\/strong>, anivers\u00e1rio ou simplesmente para lhe recordar o quanto o aprecias todos os dias. Este produto \u00e9 perfeito para pais que valorizam as recorda\u00e7\u00f5es e desejam ter uma pe\u00e7a decorativa \u00fanica em casa.<\/p>\n<h4><strong>Caracter\u00edsticas:<\/strong><\/h4>\n<ul>\n<li>Tamanho: 17 \u00d7 14,5 x 4,5 cm<\/li>\n<li>Material:\n<ul>\n<li>Placa: Metacrilato de alta qualidade.<\/li>\n<li>Base: Madeira de alta qualidade.<\/li>\n<\/ul>\n<\/li>\n<li>Inclui: Luz LED RGB. Cabo USB. Embalagem com caixa de presente.<\/li>\n<li>Manuten\u00e7\u00e3o: Limpa-se facilmente com a ajuda da toalhita inclu\u00edda.<\/li>\n<\/ul>\n","protected":false},"excerpt":{"rendered":"<p>L\u00e2mpada Pap\u00e1 multicolor personalizada. Um presente \u00fanico que ilumina com amor e recorda\u00e7\u00f5es esp [&#8230;]<\/p>\n","protected":false},"featured_media":498583,"comment_status":"open","ping_status":"closed","template":"","meta":{"_acf_changed":false},"product_brand":[],"product_cat":[1682],"product_tag":[1681],"class_list":{"0":"post-498529","1":"product","2":"type-product","3":"status-publish","4":"has-post-thumbnail","6":"product_cat-candeeiros-personalizados","7":"product_tag-pais","9":"first","10":"instock","11":"sale","12":"taxable","13":"shipping-taxable","14":"purchasable","15":"product-type-simple"},"acf":[],"df_price":16.99,"df_sale_price":16.99,"df_regular_price":30.99,"df_image_link":"https:\/\/transparentgift.com\/pt\/wp-content\/uploads\/2026\/02\/LAMPARA_1-300x300.jpg","_links":{"self":[{"href":"https:\/\/transparentgift.com\/pt\/wp-json\/wp\/v2\/product\/498529","targetHints":{"allow":["GET"]}}],"collection":[{"href":"https:\/\/transparentgift.com\/pt\/wp-json\/wp\/v2\/product"}],"about":[{"href":"https:\/\/transparentgift.com\/pt\/wp-json\/wp\/v2\/types\/product"}],"replies":[{"embeddable":true,"href":"https:\/\/transparentgift.com\/pt\/wp-json\/wp\/v2\/comments?post=498529"}],"wp:featuredmedia":[{"embeddable":true,"href":"https:\/\/transparentgift.com\/pt\/wp-json\/wp\/v2\/media\/498583"}],"wp:attachment":[{"href":"https:\/\/transparentgift.com\/pt\/wp-json\/wp\/v2\/media?parent=498529"}],"wp:term":[{"taxonomy":"product_brand","embeddable":true,"href":"https:\/\/transparentgift.com\/pt\/wp-json\/wp\/v2\/product_brand?post=498529"},{"taxonomy":"product_cat","embeddable":true,"href":"https:\/\/transparentgift.com\/pt\/wp-json\/wp\/v2\/product_cat?post=498529"},{"taxonomy":"product_tag","embeddable":true,"href":"https:\/\/transparentgift.com\/pt\/wp-json\/wp\/v2\/product_tag?post=498529"}],"curies":[{"name":"wp","href":"https:\/\/api.w.org\/{rel}","templated":true}]}}