{"id":498534,"date":"2026-02-16T23:50:04","date_gmt":"2026-02-16T23:50:04","guid":{"rendered":"https:\/\/transparentgift.com\/pt\/caja-de-doces-pai-com-fotos-personalizada\/"},"modified":"2026-03-11T19:02:11","modified_gmt":"2026-03-11T19:02:11","slug":"caja-de-doces-pai-com-fotos-personalizada","status":"publish","type":"product","link":"https:\/\/transparentgift.com\/pt\/caja-de-doces-pai-com-fotos-personalizada\/","title":{"rendered":"Caja de Doces Pap\u00e1 com Fotos personalizada"},"content":{"rendered":"<p><strong>A Caixa de Doces Pap\u00e1 com Fotos personalizada<\/strong> \u00e9 o presente perfeito para surpreender e emocionar o pap\u00e1.<\/p>\n<p>Personaliza esta caixa com fotos e uma dedicat\u00f3ria especial para criar uma recorda\u00e7\u00e3o \u00fanica e doce. Ideal para demonstrar o teu amor no Dia do Pai, no seu anivers\u00e1rio ou no Natal.<\/p>\n<p>Concebida para quem deseja expressar o seu carinho de forma original, esta caixa \u00e9 perfeita como presente em celebra\u00e7\u00f5es familiares ou como um doce detalhe numa refei\u00e7\u00e3o especial. Imagina o sorriso do pai ao descobrir o seu conte\u00fado personalizado, feito especialmente para ele.<\/p>\n<h4><strong>Caracter\u00edsticas:<\/strong><\/h4>\n<ul>\n<li>Tamanho: 28 x 18,5 x 2,5 cm<\/li>\n<li>Material: Cart\u00e3o de alta qualidade.<\/li>\n<li>Conte\u00fado: Gomas multicoloridas ou gomas em forma de cora\u00e7\u00e3o.<\/li>\n<\/ul>\n<p><strong>CAIXA GOMAS CORA\u00c7\u00d5ES<\/strong><\/p>\n<p><strong>Ingredientes:<\/strong><br \/>\nXarope de glucose, a\u00e7\u00facar, \u00e1gua, gelatina, humectante: E420, acidificantes: E330, E270, aromas, regulador de acidez: E325, corantes: E129.<\/p>\n<table style=\"border-collapse: collapse; width: 100%; max-width: 400px;\" border=\"1\">\n<thead>\n<tr>\n<th style=\"padding: 6px;\">Nutriente<\/th>\n<th style=\"padding: 6px;\">Por 100 g de mistura<\/th>\n<\/tr>\n<\/thead>\n<tbody>\n<tr>\n<td style=\"padding: 6px;\">Valor energ\u00e9tico<\/td>\n<td style=\"padding: 6px;\">1.459 kJ \/ 345 kcal<\/td>\n<\/tr>\n<tr>\n<td style=\"padding: 6px;\">Gorduras<\/td>\n<td style=\"padding: 6px;\">0,2 g<\/td>\n<\/tr>\n<tr>\n<td style=\"padding: 6px;\">\u2014 das quais saturadas<\/td>\n<td style=\"padding: 6px;\">0,1 g<\/td>\n<\/tr>\n<tr>\n<td style=\"padding: 6px;\">Hidratos de carbono<\/td>\n<td style=\"padding: 6px;\">79,5 g<\/td>\n<\/tr>\n<tr>\n<td style=\"padding: 6px;\">\u2014 dos quais a\u00e7\u00facares<\/td>\n<td style=\"padding: 6px;\">49,4 g<\/td>\n<\/tr>\n<tr>\n<td style=\"padding: 6px;\">Prote\u00ednas<\/td>\n<td style=\"padding: 6px;\">4,5 g<\/td>\n<\/tr>\n<tr>\n<td style=\"padding: 6px;\">Sal<\/td>\n<td style=\"padding: 6px;\">0,02 g<\/td>\n<\/tr>\n<\/tbody>\n<\/table>\n<div style=\"font-family: sans-serif; line-height: 1.6; max-width: 600px;\">\n<p><strong>CAIXA GOMAS MULTICOLORIDAS<\/strong><\/p>\n<p><strong>Ingredientes:<\/strong><br \/>\nXarope de glucose, a\u00e7\u00facar, \u00e1gua, gelatina, humectante: E420, acidificantes: E330, E270, gelificante: pectina, aromas, regulador de acidez: E325, corantes: E129<\/p>\n<table style=\"border-collapse: collapse; width: 100%;\" border=\"1\">\n<thead>\n<tr>\n<th style=\"padding: 6px; text-align: left;\">Nutriente<\/th>\n<th style=\"padding: 6px; text-align: left;\">Valor por 100 g<\/th>\n<\/tr>\n<\/thead>\n<tbody>\n<tr>\n<td style=\"padding: 6px;\">Valor energ\u00e9tico<\/td>\n<td style=\"padding: 6px;\">1.441 kJ \/ 344 kcal<\/td>\n<\/tr>\n<tr>\n<td style=\"padding: 6px;\">Gorduras<\/td>\n<td style=\"padding: 6px;\">0,2 g<\/td>\n<\/tr>\n<tr>\n<td style=\"padding: 6px;\">\u2014 das quais saturadas<\/td>\n<td style=\"padding: 6px;\">0,1 g<\/td>\n<\/tr>\n<tr>\n<td style=\"padding: 6px;\">Hidratos de carbono<\/td>\n<td style=\"padding: 6px;\">80,2 g<\/td>\n<\/tr>\n<tr>\n<td style=\"padding: 6px;\">\u2014 dos quais a\u00e7\u00facares<\/td>\n<td style=\"padding: 6px;\">49,7 g<\/td>\n<\/tr>\n<tr>\n<td style=\"padding: 6px;\">Prote\u00ednas<\/td>\n<td style=\"padding: 6px;\">3,8 g<\/td>\n<\/tr>\n<tr>\n<td style=\"padding: 6px;\">Sal<\/td>\n<td style=\"padding: 6px;\">0,02 g<\/td>\n<\/tr>\n<\/tbody>\n<\/table>\n<\/div>\n","protected":false},"excerpt":{"rendered":"<p>A Caixa de Doces Pap\u00e1 com Fotos personalizada \u00e9 o presente perfeito para surpreender e emocionar o [&#8230;]<\/p>\n","protected":false},"featured_media":498620,"comment_status":"open","ping_status":"closed","template":"","meta":{"_acf_changed":false},"product_brand":[],"product_cat":[1720],"product_tag":[1681],"ai-category":[1755],"class_list":{"0":"post-498534","1":"product","2":"type-product","3":"status-publish","4":"has-post-thumbnail","6":"product_cat-doces-e-bombons-personalizados","7":"product_tag-pais","8":"ai-category-chuches-y-bombones-personalizados","10":"first","11":"instock","12":"taxable","13":"shipping-taxable","14":"purchasable","15":"product-type-simple"},"acf":[],"df_price":20.99,"df_sale_price":"","df_regular_price":20.99,"df_image_link":"https:\/\/transparentgift.com\/pt\/wp-content\/uploads\/2026\/02\/Caja-chuches-papamascara_1-300x300.jpg","_links":{"self":[{"href":"https:\/\/transparentgift.com\/pt\/wp-json\/wp\/v2\/product\/498534","targetHints":{"allow":["GET"]}}],"collection":[{"href":"https:\/\/transparentgift.com\/pt\/wp-json\/wp\/v2\/product"}],"about":[{"href":"https:\/\/transparentgift.com\/pt\/wp-json\/wp\/v2\/types\/product"}],"replies":[{"embeddable":true,"href":"https:\/\/transparentgift.com\/pt\/wp-json\/wp\/v2\/comments?post=498534"}],"wp:featuredmedia":[{"embeddable":true,"href":"https:\/\/transparentgift.com\/pt\/wp-json\/wp\/v2\/media\/498620"}],"wp:attachment":[{"href":"https:\/\/transparentgift.com\/pt\/wp-json\/wp\/v2\/media?parent=498534"}],"wp:term":[{"taxonomy":"product_brand","embeddable":true,"href":"https:\/\/transparentgift.com\/pt\/wp-json\/wp\/v2\/product_brand?post=498534"},{"taxonomy":"product_cat","embeddable":true,"href":"https:\/\/transparentgift.com\/pt\/wp-json\/wp\/v2\/product_cat?post=498534"},{"taxonomy":"product_tag","embeddable":true,"href":"https:\/\/transparentgift.com\/pt\/wp-json\/wp\/v2\/product_tag?post=498534"},{"taxonomy":"ai-category","embeddable":true,"href":"https:\/\/transparentgift.com\/pt\/wp-json\/wp\/v2\/ai-category?post=498534"}],"curies":[{"name":"wp","href":"https:\/\/api.w.org\/{rel}","templated":true}]}}