{"id":498535,"date":"2026-02-16T23:50:05","date_gmt":"2026-02-16T23:50:05","guid":{"rendered":"https:\/\/transparentgift.com\/pt\/caixa-de-doces-bonecos-com-texto-personalizada\/"},"modified":"2026-03-02T08:35:44","modified_gmt":"2026-03-02T08:35:44","slug":"caixa-de-doces-bonecos-com-texto-personalizada","status":"publish","type":"product","link":"https:\/\/transparentgift.com\/pt\/caixa-de-doces-bonecos-com-texto-personalizada\/","title":{"rendered":"Caixa de Doces Bonecos com Texto personalizada"},"content":{"rendered":"<p><strong>Surpreende com a Caixa de Doces Bonecos com Texto personalizada<\/strong>. Um presente \u00fanico que combina do\u00e7ura e personaliza\u00e7\u00e3o para momentos especiais.<\/p>\n<p>Esta caixa oferece a possibilidade de personalizar entre 1 a 5 bonecos com um nome para cada um e textos, tornando-se um detalhe inesquec\u00edvel. Ideal para anivers\u00e1rios, Natal, Dia da M\u00e3e ou Dia do Pai, \u00e9 o presente perfeito para quem deseja expressar o seu amor de forma original.<\/p>\n<p>Destinada a casais, amigos e familiares, esta caixa \u00e9 perfeita para celebrar ocasi\u00f5es especiais ou como um doce gesto no dia a dia. Imagina a emo\u00e7\u00e3o de a abrir e descobrir uma mensagem personalizada e deliciosos doces.<\/p>\n<h4><strong>Caracter\u00edsticas:<\/strong><\/h4>\n<ul>\n<li>Tamanho:\n<ul>\n<li>Pequena: 15 x 15 x 2,5 cm<\/li>\n<li>Grande: 28 x 18,5 x 2,5 cm<\/li>\n<\/ul>\n<\/li>\n<li>Material: Cart\u00e3o de alta qualidade.<\/li>\n<li>Conte\u00fado:\n<ul>\n<li>Pequena: 9 bombons de chocolate.<\/li>\n<li>Grande: Gomas multicoloridas ou gomas em forma de cora\u00e7\u00e3o.<\/li>\n<\/ul>\n<\/li>\n<\/ul>\n<p><strong>CAIXA GOMAS CORA\u00c7\u00d5ES<\/strong><\/p>\n<p><strong>Ingredientes:<\/strong><br \/>\nXarope de glucose, a\u00e7\u00facar, \u00e1gua, gelatina, humectante: E420, acidificantes: E330, E270, aromas, regulador de acidez: E325, corantes: E129.<\/p>\n<table style=\"border-collapse: collapse; width: 100%; max-width: 400px;\" border=\"1\">\n<thead>\n<tr>\n<th style=\"padding: 6px;\">Nutriente<\/th>\n<th style=\"padding: 6px;\">Por 100 g de mistura<\/th>\n<\/tr>\n<\/thead>\n<tbody>\n<tr>\n<td style=\"padding: 6px;\">Valor energ\u00e9tico<\/td>\n<td style=\"padding: 6px;\">1.459 kJ \/ 345 kcal<\/td>\n<\/tr>\n<tr>\n<td style=\"padding: 6px;\">Gorduras<\/td>\n<td style=\"padding: 6px;\">0,2 g<\/td>\n<\/tr>\n<tr>\n<td style=\"padding: 6px;\">\u2014 das quais saturadas<\/td>\n<td style=\"padding: 6px;\">0,1 g<\/td>\n<\/tr>\n<tr>\n<td style=\"padding: 6px;\">Hidratos de carbono<\/td>\n<td style=\"padding: 6px;\">79,5 g<\/td>\n<\/tr>\n<tr>\n<td style=\"padding: 6px;\">\u2014 dos quais a\u00e7\u00facares<\/td>\n<td style=\"padding: 6px;\">49,4 g<\/td>\n<\/tr>\n<tr>\n<td style=\"padding: 6px;\">Prote\u00ednas<\/td>\n<td style=\"padding: 6px;\">4,5 g<\/td>\n<\/tr>\n<tr>\n<td style=\"padding: 6px;\">Sal<\/td>\n<td style=\"padding: 6px;\">0,02 g<\/td>\n<\/tr>\n<\/tbody>\n<\/table>\n<div style=\"font-family: sans-serif; line-height: 1.6; max-width: 600px;\">\n<p><strong>CAIXA GOMAS MULTICOLORIDAS<\/strong><\/p>\n<p><strong>Ingredientes:<\/strong><br \/>\nXarope de glucose, a\u00e7\u00facar, \u00e1gua, gelatina, humectante: E420, acidificantes: E330, E270, gelificante: pectina, aromas, regulador de acidez: E325, corantes: E129<\/p>\n<table style=\"border-collapse: collapse; width: 100%;\" border=\"1\">\n<thead>\n<tr>\n<th style=\"padding: 6px; text-align: left;\">Nutriente<\/th>\n<th style=\"padding: 6px; text-align: left;\">Valor por 100 g<\/th>\n<\/tr>\n<\/thead>\n<tbody>\n<tr>\n<td style=\"padding: 6px;\">Valor energ\u00e9tico<\/td>\n<td style=\"padding: 6px;\">1.441 kJ \/ 344 kcal<\/td>\n<\/tr>\n<tr>\n<td style=\"padding: 6px;\">Gorduras<\/td>\n<td style=\"padding: 6px;\">0,2 g<\/td>\n<\/tr>\n<tr>\n<td style=\"padding: 6px;\">\u2014 das quais saturadas<\/td>\n<td style=\"padding: 6px;\">0,1 g<\/td>\n<\/tr>\n<tr>\n<td style=\"padding: 6px;\">Hidratos de carbono<\/td>\n<td style=\"padding: 6px;\">80,2 g<\/td>\n<\/tr>\n<tr>\n<td style=\"padding: 6px;\">\u2014 dos quais a\u00e7\u00facares<\/td>\n<td style=\"padding: 6px;\">49,7 g<\/td>\n<\/tr>\n<tr>\n<td style=\"padding: 6px;\">Prote\u00ednas<\/td>\n<td style=\"padding: 6px;\">3,8 g<\/td>\n<\/tr>\n<tr>\n<td style=\"padding: 6px;\">Sal<\/td>\n<td style=\"padding: 6px;\">0,02 g<\/td>\n<\/tr>\n<\/tbody>\n<\/table>\n<\/div>\n","protected":false},"excerpt":{"rendered":"<p>Surpreende com a Caixa de Doces Bonecos com Texto personalizada. Um presente \u00fanico que combina do\u00e7 [&#8230;]<\/p>\n","protected":false},"featured_media":498624,"comment_status":"open","ping_status":"closed","template":"","meta":{"_acf_changed":false},"product_brand":[],"product_cat":[1720],"product_tag":[1681],"ai-category":[1755],"class_list":{"0":"post-498535","1":"product","2":"type-product","3":"status-publish","4":"has-post-thumbnail","6":"product_cat-doces-e-bombons-personalizados","7":"product_tag-pais","8":"ai-category-chuches-y-bombones-personalizados","10":"first","11":"instock","12":"taxable","13":"shipping-taxable","14":"purchasable","15":"product-type-simple"},"acf":[],"df_price":10.99,"df_sale_price":"","df_regular_price":10.99,"df_image_link":"https:\/\/transparentgift.com\/pt\/wp-content\/uploads\/2026\/02\/CAJA-CHUCHES-MUNECOS-1-300x300.jpg","_links":{"self":[{"href":"https:\/\/transparentgift.com\/pt\/wp-json\/wp\/v2\/product\/498535","targetHints":{"allow":["GET"]}}],"collection":[{"href":"https:\/\/transparentgift.com\/pt\/wp-json\/wp\/v2\/product"}],"about":[{"href":"https:\/\/transparentgift.com\/pt\/wp-json\/wp\/v2\/types\/product"}],"replies":[{"embeddable":true,"href":"https:\/\/transparentgift.com\/pt\/wp-json\/wp\/v2\/comments?post=498535"}],"wp:featuredmedia":[{"embeddable":true,"href":"https:\/\/transparentgift.com\/pt\/wp-json\/wp\/v2\/media\/498624"}],"wp:attachment":[{"href":"https:\/\/transparentgift.com\/pt\/wp-json\/wp\/v2\/media?parent=498535"}],"wp:term":[{"taxonomy":"product_brand","embeddable":true,"href":"https:\/\/transparentgift.com\/pt\/wp-json\/wp\/v2\/product_brand?post=498535"},{"taxonomy":"product_cat","embeddable":true,"href":"https:\/\/transparentgift.com\/pt\/wp-json\/wp\/v2\/product_cat?post=498535"},{"taxonomy":"product_tag","embeddable":true,"href":"https:\/\/transparentgift.com\/pt\/wp-json\/wp\/v2\/product_tag?post=498535"},{"taxonomy":"ai-category","embeddable":true,"href":"https:\/\/transparentgift.com\/pt\/wp-json\/wp\/v2\/ai-category?post=498535"}],"curies":[{"name":"wp","href":"https:\/\/api.w.org\/{rel}","templated":true}]}}