{"id":498540,"date":"2026-02-16T23:50:10","date_gmt":"2026-02-16T23:50:10","guid":{"rendered":"https:\/\/transparentgift.com\/pt\/placa-pai-com-fotos-e-base-personalizada\/"},"modified":"2026-05-15T09:00:27","modified_gmt":"2026-05-15T08:00:27","slug":"placa-pai-com-fotos-e-base-personalizada","status":"publish","type":"product","link":"https:\/\/transparentgift.com\/pt\/placa-pai-com-fotos-e-base-personalizada\/","title":{"rendered":"Placa Pai com Fotos e Base personalizada"},"content":{"rendered":"<p><strong>Placa Pai com Fotos e Base personalizada: um presente cheio de emo\u00e7\u00f5es<\/strong>.<\/p>\n<p>Esta placa transformar\u00e1 as tuas recorda\u00e7\u00f5es mais preciosas numa obra de arte personalizada, perfeita para celebrar o amor.<\/p>\n<p>Ideal para eternizar os teus momentos mais especiais com o teu pai, esta placa \u00e9 perfeita para o Dia do Pai, anivers\u00e1rio ou qualquer ocasi\u00e3o em que o amor por ele seja o protagonista. Decora a sua casa com um toque pessoal e significativo.<\/p>\n<h4><strong>Caracter\u00edsticas:<\/strong><\/h4>\n<ul>\n<li>Tamanho: 15 x 8,5 x 3,5 cm<\/li>\n<li>Material: Metacrilato de alta qualidade.<\/li>\n<li>Inclui: Base de madeira. Embalagem com caixa para presente.<\/li>\n<li>Manuten\u00e7\u00e3o: Limpa-se facilmente com a ajuda do pano seco inclu\u00eddo.<\/li>\n<\/ul>\n","protected":false},"excerpt":{"rendered":"<p>Placa Pai com Fotos e Base personalizada: um presente cheio de emo\u00e7\u00f5es. Esta placa transformar\u00e1 a [&#8230;]<\/p>\n","protected":false},"featured_media":498826,"comment_status":"open","ping_status":"closed","template":"","meta":{"_acf_changed":false},"product_brand":[],"product_cat":[1676],"product_tag":[1681],"class_list":{"0":"post-498540","1":"product","2":"type-product","3":"status-publish","4":"has-post-thumbnail","6":"product_cat-fotos-em-metacrilato-personalizadas","7":"product_tag-pais","9":"first","10":"instock","11":"taxable","12":"shipping-taxable","13":"purchasable","14":"product-type-simple"},"acf":[],"df_price":22.99,"df_sale_price":"","df_regular_price":22.99,"df_image_link":"https:\/\/transparentgift.com\/pt\/wp-content\/uploads\/2026\/02\/PORTADA-NUEVA-300x300.jpg","_links":{"self":[{"href":"https:\/\/transparentgift.com\/pt\/wp-json\/wp\/v2\/product\/498540","targetHints":{"allow":["GET"]}}],"collection":[{"href":"https:\/\/transparentgift.com\/pt\/wp-json\/wp\/v2\/product"}],"about":[{"href":"https:\/\/transparentgift.com\/pt\/wp-json\/wp\/v2\/types\/product"}],"replies":[{"embeddable":true,"href":"https:\/\/transparentgift.com\/pt\/wp-json\/wp\/v2\/comments?post=498540"}],"wp:featuredmedia":[{"embeddable":true,"href":"https:\/\/transparentgift.com\/pt\/wp-json\/wp\/v2\/media\/498826"}],"wp:attachment":[{"href":"https:\/\/transparentgift.com\/pt\/wp-json\/wp\/v2\/media?parent=498540"}],"wp:term":[{"taxonomy":"product_brand","embeddable":true,"href":"https:\/\/transparentgift.com\/pt\/wp-json\/wp\/v2\/product_brand?post=498540"},{"taxonomy":"product_cat","embeddable":true,"href":"https:\/\/transparentgift.com\/pt\/wp-json\/wp\/v2\/product_cat?post=498540"},{"taxonomy":"product_tag","embeddable":true,"href":"https:\/\/transparentgift.com\/pt\/wp-json\/wp\/v2\/product_tag?post=498540"}],"curies":[{"name":"wp","href":"https:\/\/api.w.org\/{rel}","templated":true}]}}