{"id":498542,"date":"2026-02-16T23:50:12","date_gmt":"2026-02-16T23:50:12","guid":{"rendered":"https:\/\/transparentgift.com\/pt\/calcetines-fotos-papa-personalizados\/"},"modified":"2026-03-02T08:35:48","modified_gmt":"2026-03-02T08:35:48","slug":"meias-com-caras-de-foto-personalizada","status":"publish","type":"product","link":"https:\/\/transparentgift.com\/pt\/meias-com-caras-de-foto-personalizada\/","title":{"rendered":"Meias com Caras de Foto Personalizada"},"content":{"rendered":"<p><strong>Surpreende com um presente divertido e totalmente personalizado<\/strong>. Estas meias com caras personalizadas transformam as tuas melhores fotos num design original que n\u00e3o passa despercebido.<\/p>\n<p>Com um estampado repetido das caras que escolheres sobre um fundo colorido, s\u00e3o perfeitas para criar um detalhe \u00fanico, cheio de humor e emo\u00e7\u00e3o. Confort\u00e1veis, el\u00e1sticas e resistentes, foram pensadas para acompanhar o dia a dia sem abdicar do estilo.<\/p>\n<p>Ideais como presente original personalizado para anivers\u00e1rios, Dia do Pai, Dia da M\u00e3e, Dia dos Namorados ou amigo secreto, estas meias s\u00e3o uma aposta segura para casais, pais, m\u00e3es, amigos ou at\u00e9 para te mimares. Se procuras um detalhe diferente que arranque sorrisos e tenha um toque pessoal, estas meias personalizadas com foto s\u00e3o a op\u00e7\u00e3o perfeita.<\/p>\n<h4><strong>Caracter\u00edsticas:<\/strong><\/h4>\n<ul>\n<li>Composi\u00e7\u00e3o: 95% poli\u00e9ster, 5% elastano<\/li>\n<li>Calcanhar e biqueira em preto<\/li>\n<li>Tamanhos dispon\u00edveis: 35\/37, 38\/40, 41\/43, 44\/47<\/li>\n<li>Adequadas para m\u00e1quina de lavar<\/li>\n<li>Personaliz\u00e1veis com uma ou v\u00e1rias caras a partir da tua foto<\/li>\n<\/ul>\n","protected":false},"excerpt":{"rendered":"<p>Surpreende com um presente divertido e totalmente personalizado. Estas meias com caras personalizada [&#8230;]<\/p>\n","protected":false},"featured_media":498730,"comment_status":"open","ping_status":"closed","template":"","meta":{"_acf_changed":false},"product_brand":[],"product_cat":[1701],"product_tag":[1708,1710,1681],"class_list":{"0":"post-498542","1":"product","2":"type-product","3":"status-publish","4":"has-post-thumbnail","6":"product_cat-meias-personalizadas","7":"product_tag-homens","8":"product_tag-novo","9":"product_tag-pais","11":"first","12":"instock","13":"taxable","14":"shipping-taxable","15":"purchasable","16":"product-type-simple"},"acf":[],"df_price":16.99,"df_sale_price":"","df_regular_price":16.99,"df_image_link":"https:\/\/transparentgift.com\/pt\/wp-content\/uploads\/2026\/02\/Calcetines_Caras_1-300x300.jpg","_links":{"self":[{"href":"https:\/\/transparentgift.com\/pt\/wp-json\/wp\/v2\/product\/498542","targetHints":{"allow":["GET"]}}],"collection":[{"href":"https:\/\/transparentgift.com\/pt\/wp-json\/wp\/v2\/product"}],"about":[{"href":"https:\/\/transparentgift.com\/pt\/wp-json\/wp\/v2\/types\/product"}],"replies":[{"embeddable":true,"href":"https:\/\/transparentgift.com\/pt\/wp-json\/wp\/v2\/comments?post=498542"}],"wp:featuredmedia":[{"embeddable":true,"href":"https:\/\/transparentgift.com\/pt\/wp-json\/wp\/v2\/media\/498730"}],"wp:attachment":[{"href":"https:\/\/transparentgift.com\/pt\/wp-json\/wp\/v2\/media?parent=498542"}],"wp:term":[{"taxonomy":"product_brand","embeddable":true,"href":"https:\/\/transparentgift.com\/pt\/wp-json\/wp\/v2\/product_brand?post=498542"},{"taxonomy":"product_cat","embeddable":true,"href":"https:\/\/transparentgift.com\/pt\/wp-json\/wp\/v2\/product_cat?post=498542"},{"taxonomy":"product_tag","embeddable":true,"href":"https:\/\/transparentgift.com\/pt\/wp-json\/wp\/v2\/product_tag?post=498542"}],"curies":[{"name":"wp","href":"https:\/\/api.w.org\/{rel}","templated":true}]}}