{"id":500692,"date":"2026-03-26T13:37:23","date_gmt":"2026-03-26T13:37:23","guid":{"rendered":"https:\/\/transparentgift.com\/pt\/candeeiro-mama-collage-com-quatro-fotos-personalizado\/"},"modified":"2026-04-17T12:29:39","modified_gmt":"2026-04-17T11:29:39","slug":"candeeiro-mama-collage-com-quatro-fotos-personalizado","status":"publish","type":"product","link":"https:\/\/transparentgift.com\/pt\/candeeiro-mama-collage-com-quatro-fotos-personalizado\/","title":{"rendered":"Candeeiro Mam\u00e3 Collage com Quatro Fotos personalizado"},"content":{"rendered":"<p>&#8220;Surpreenda a sua m\u00e3e com este candeeiro personalizado com quatro fotos, que pode gravar numa placa de metacrilato. \u00c9 a mais original das prendas para mulher, que poder\u00e1 oferecer no Dia da M\u00e3e, no seu anivers\u00e1rio ou at\u00e9 no Natal.<\/p>\n<p>A l\u00e2mpada \u00e9 totalmente personaliz\u00e1vel. S\u00f3 ter\u00e1 de escolher aquelas quatro fotos que tenham um significado especial para a sua m\u00e3e e ficar\u00e3o gravadas sobre a placa luminosa, acompanhando os textos que quiser adicionar. Criar\u00e1 a melhor das prendas personalizadas com um design \u00fanico e enternecedor! Al\u00e9m disso, por um valor extra, poder\u00e1 adicionar a mensagem que quiser na base de madeira. Seja como for, a mam\u00e3 poder\u00e1 decorar a mesa de cabeceira, a estante ou a secret\u00e1ria da forma mais especial. A agrad\u00e1vel luz LED quente iluminar\u00e1 qualquer divis\u00e3o da casa, proporcionando um toque que encantar\u00e1 o pai. Tamb\u00e9m pode servir como luz de presen\u00e7a.<\/p>\n<p>A l\u00e2mpada \u00e9 fabricada com materiais de alta qualidade, que lhe conferem resist\u00eancia e durabilidade. Inclui cabo e interruptor para ligar ou desligar a luz.<\/p>\n<p>N\u00e3o fique sem a prenda ideal para m\u00e3e para demonstrar o seu carinho \u00e0 mam\u00e3 nesse dia t\u00e3o especial. Vai faz\u00ea-la sentir-se a mais sortuda do mundo!<\/p>\n<p><strong>Caracter\u00edsticas:<\/strong><\/p>\n<ul>\n<li>Tamanho:\n<ul>\n<li>Com base: 20 \u00d7 14,5 x 4,5 cm<\/li>\n<li>Com moldura: 21 x 17 cm<\/li>\n<\/ul>\n<\/li>\n<li>Material:\n<ul>\n<li>Placa: Metacrilato de alta qualidade.<\/li>\n<li>Base: Madeira de alta qualidade.<\/li>\n<\/ul>\n<\/li>\n<li>Inclui: Luz LED quente. Cabo USB. Packaging com caixa de oferta.<\/li>\n<li>Manuten\u00e7\u00e3o: Limpa-se facilmente com a ajuda da toalhita inclu\u00edda.<\/li>\n<\/ul>\n<p>&#8220;<\/p>\n","protected":false},"excerpt":{"rendered":"<p>&#8220;Surpreenda a sua m\u00e3e com este candeeiro personalizado com quatro fotos, que pode gravar numa [&#8230;]<\/p>\n","protected":false},"featured_media":500733,"comment_status":"open","ping_status":"closed","template":"","meta":{"_acf_changed":false},"product_brand":[],"product_cat":[1682],"product_tag":[1688],"class_list":{"0":"post-500692","1":"product","2":"type-product","3":"status-publish","4":"has-post-thumbnail","6":"product_cat-candeeiros-personalizados","7":"product_tag-maes","9":"first","10":"instock","11":"taxable","12":"shipping-taxable","13":"purchasable","14":"product-type-simple"},"acf":[],"df_price":16.99,"df_sale_price":"","df_regular_price":16.99,"df_image_link":"https:\/\/transparentgift.com\/pt\/wp-content\/uploads\/2026\/03\/Lampara-mama4fotos-collage_1-300x300.jpg","_links":{"self":[{"href":"https:\/\/transparentgift.com\/pt\/wp-json\/wp\/v2\/product\/500692","targetHints":{"allow":["GET"]}}],"collection":[{"href":"https:\/\/transparentgift.com\/pt\/wp-json\/wp\/v2\/product"}],"about":[{"href":"https:\/\/transparentgift.com\/pt\/wp-json\/wp\/v2\/types\/product"}],"replies":[{"embeddable":true,"href":"https:\/\/transparentgift.com\/pt\/wp-json\/wp\/v2\/comments?post=500692"}],"wp:featuredmedia":[{"embeddable":true,"href":"https:\/\/transparentgift.com\/pt\/wp-json\/wp\/v2\/media\/500733"}],"wp:attachment":[{"href":"https:\/\/transparentgift.com\/pt\/wp-json\/wp\/v2\/media?parent=500692"}],"wp:term":[{"taxonomy":"product_brand","embeddable":true,"href":"https:\/\/transparentgift.com\/pt\/wp-json\/wp\/v2\/product_brand?post=500692"},{"taxonomy":"product_cat","embeddable":true,"href":"https:\/\/transparentgift.com\/pt\/wp-json\/wp\/v2\/product_cat?post=500692"},{"taxonomy":"product_tag","embeddable":true,"href":"https:\/\/transparentgift.com\/pt\/wp-json\/wp\/v2\/product_tag?post=500692"}],"curies":[{"name":"wp","href":"https:\/\/api.w.org\/{rel}","templated":true}]}}