{"id":500700,"date":"2026-03-26T13:46:56","date_gmt":"2026-03-26T13:46:56","guid":{"rendered":"https:\/\/transparentgift.com\/pt\/candeeiro-mama-com-fotos-personalizado\/"},"modified":"2026-04-17T12:29:43","modified_gmt":"2026-04-17T11:29:43","slug":"candeeiro-mama-com-fotos-personalizado","status":"publish","type":"product","link":"https:\/\/transparentgift.com\/pt\/candeeiro-mama-com-fotos-personalizado\/","title":{"rendered":"Candeeiro Mam\u00e3 com fotos personalizado"},"content":{"rendered":"<p>&#8220;Surpreenda a mam\u00e3 com este candeeiro personalizado com a palavra Mam\u00e3 gravada numa placa de metacrilato com base de madeira. \u00c9 o presente mais original que poder\u00e1 oferecer no Dia da M\u00e3e ou no seu anivers\u00e1rio. S\u00f3 ter\u00e1 de escolher 4 fotos que tenham um significado especial e cada letra ter\u00e1 uma dessas recorda\u00e7\u00f5es. Al\u00e9m disso, por baixo desta bonita composi\u00e7\u00e3o, poder\u00e1 colocar uma frase emotiva.<\/p>\n<p>Escolha entre as duas op\u00e7\u00f5es dispon\u00edveis, vertical\/horizontal, e personalize o presente mais especial que ir\u00e1 oferecer \u00e0 sua m\u00e3e. Ela poder\u00e1 coloc\u00e1-lo sobre qualquer superf\u00edcie para decorar e iluminar o espa\u00e7o. Inclui cabo e interruptores para escolher a cor da luz e a intensidade. Al\u00e9m disso, se quiser tornar este presente ainda mais especial, por um valor extra, poder\u00e1 acrescentar uma mensagem personalizada na base.<\/p>\n<p><strong>Caracter\u00edsticas:<\/strong><\/p>\n<ul>\n<li>Tamanho:\n<ul>\n<li>Com base: 19 \u00d7 14,5 x 4,5 cm<\/li>\n<li>Com moldura: 21 x 17 cm<\/li>\n<\/ul>\n<\/li>\n<li>Material:\n<ul>\n<li>Placa: Metacrilato de alta qualidade.<\/li>\n<li>Base: Madeira de alta qualidade.<\/li>\n<\/ul>\n<\/li>\n<li>Inclui: Luz LED RGB. Cabo USB. Packaging com caixa de oferta.<\/li>\n<li>Manuten\u00e7\u00e3o: Limpa-se facilmente com a ajuda da toalhita inclu\u00edda.<\/li>\n<\/ul>\n<p>&#8220;<\/p>\n","protected":false},"excerpt":{"rendered":"<p>&#8220;Surpreenda a mam\u00e3 com este candeeiro personalizado com a palavra Mam\u00e3 gravada numa placa de [&#8230;]<\/p>\n","protected":false},"featured_media":500748,"comment_status":"open","ping_status":"closed","template":"","meta":{"_acf_changed":false},"product_brand":[],"product_cat":[1682],"product_tag":[1688],"class_list":{"0":"post-500700","1":"product","2":"type-product","3":"status-publish","4":"has-post-thumbnail","6":"product_cat-candeeiros-personalizados","7":"product_tag-maes","9":"first","10":"instock","11":"sale","12":"taxable","13":"shipping-taxable","14":"purchasable","15":"product-type-simple"},"acf":[],"df_price":16.99,"df_sale_price":16.99,"df_regular_price":30.99,"df_image_link":"https:\/\/transparentgift.com\/pt\/wp-content\/uploads\/2026\/03\/Lampara-Mama-Mascara-1-300x300.jpg","_links":{"self":[{"href":"https:\/\/transparentgift.com\/pt\/wp-json\/wp\/v2\/product\/500700","targetHints":{"allow":["GET"]}}],"collection":[{"href":"https:\/\/transparentgift.com\/pt\/wp-json\/wp\/v2\/product"}],"about":[{"href":"https:\/\/transparentgift.com\/pt\/wp-json\/wp\/v2\/types\/product"}],"replies":[{"embeddable":true,"href":"https:\/\/transparentgift.com\/pt\/wp-json\/wp\/v2\/comments?post=500700"}],"wp:featuredmedia":[{"embeddable":true,"href":"https:\/\/transparentgift.com\/pt\/wp-json\/wp\/v2\/media\/500748"}],"wp:attachment":[{"href":"https:\/\/transparentgift.com\/pt\/wp-json\/wp\/v2\/media?parent=500700"}],"wp:term":[{"taxonomy":"product_brand","embeddable":true,"href":"https:\/\/transparentgift.com\/pt\/wp-json\/wp\/v2\/product_brand?post=500700"},{"taxonomy":"product_cat","embeddable":true,"href":"https:\/\/transparentgift.com\/pt\/wp-json\/wp\/v2\/product_cat?post=500700"},{"taxonomy":"product_tag","embeddable":true,"href":"https:\/\/transparentgift.com\/pt\/wp-json\/wp\/v2\/product_tag?post=500700"}],"curies":[{"name":"wp","href":"https:\/\/api.w.org\/{rel}","templated":true}]}}