{"id":500701,"date":"2026-03-26T13:46:58","date_gmt":"2026-03-26T13:46:58","guid":{"rendered":"https:\/\/transparentgift.com\/pt\/candeeiro-mama-em-forma-de-coracao-personalizado\/"},"modified":"2026-05-06T22:28:53","modified_gmt":"2026-05-06T21:28:53","slug":"candeeiro-mama-em-forma-de-coracao-personalizado","status":"publish","type":"product","link":"https:\/\/transparentgift.com\/pt\/candeeiro-mama-em-forma-de-coracao-personalizado\/","title":{"rendered":"Candeeiro Mam\u00e3 em forma de cora\u00e7\u00e3o personalizado"},"content":{"rendered":"<p>&#8220;Surpreenda a mam\u00e3 com este <strong>candeeiro personalizado em forma de cora\u00e7\u00e3o<\/strong> e a palavra Mam\u00e3 gravada, juntamente com mais duas frases \u00e0 sua escolha. \u00c9 o <strong>presente mais original<\/strong> que poder\u00e1 oferecer no <strong>Dia da M\u00e3e<\/strong> ou no seu <strong>anivers\u00e1rio.<\/strong> Poder\u00e1 coloc\u00e1-lo sobre qualquer superf\u00edcie para decorar e iluminar o espa\u00e7o gra\u00e7as \u00e0 sua t\u00e9nue luz, que se aciona com um interruptor de ligar\/desligar.<\/p>\n<p>S\u00f3 ter\u00e1 de se preocupar em <strong>escrever os nomes ou frases que quiser<\/strong> e n\u00f3s tratamos de fazer com que o resultado a surpreenda. E, se quiser tornar este presente ainda mais especial, por um valor extra, poder\u00e1 <strong>adicionar uma mensagem personalizada<\/strong> na base de madeira.<\/p>\n<p><strong>Caracter\u00edsticas:<\/strong><\/p>\n<ul>\n<li>Tamanho:\n<ul>\n<li>Com base: 15 \u00d7 14,5 x 4,5 cm<\/li>\n<li>Com moldura: 21 x 17 cm<\/li>\n<\/ul>\n<\/li>\n<li>Material:\n<ul>\n<li>Placa: Metacrilato de alta qualidade.<\/li>\n<li>Base: Madeira de alta qualidade.<\/li>\n<\/ul>\n<\/li>\n<li>Inclui: Luz LED quente. Cabo USB. Packaging com caixa de oferta.<\/li>\n<li>Manuten\u00e7\u00e3o: Limpa-se facilmente com a ajuda da toalhita inclu\u00edda.<\/li>\n<\/ul>\n<p>&#8220;<\/p>\n","protected":false},"excerpt":{"rendered":"<p>&#8220;Surpreenda a mam\u00e3 com este candeeiro personalizado em forma de cora\u00e7\u00e3o e a palavra Mam\u00e3 g [&#8230;]<\/p>\n","protected":false},"featured_media":500752,"comment_status":"open","ping_status":"closed","template":"","meta":{"_acf_changed":false},"product_brand":[],"product_cat":[1682],"product_tag":[1688],"class_list":{"0":"post-500701","1":"product","2":"type-product","3":"status-publish","4":"has-post-thumbnail","6":"product_cat-candeeiros-personalizados","7":"product_tag-maes","9":"first","10":"instock","11":"taxable","12":"shipping-taxable","13":"purchasable","14":"product-type-simple"},"acf":[],"df_price":10.99,"df_sale_price":"","df_regular_price":10.99,"df_image_link":"https:\/\/transparentgift.com\/pt\/wp-content\/uploads\/2026\/03\/Lampara-Mama-con-forma-de-corazon-personalizada-1-300x300.jpg","_links":{"self":[{"href":"https:\/\/transparentgift.com\/pt\/wp-json\/wp\/v2\/product\/500701","targetHints":{"allow":["GET"]}}],"collection":[{"href":"https:\/\/transparentgift.com\/pt\/wp-json\/wp\/v2\/product"}],"about":[{"href":"https:\/\/transparentgift.com\/pt\/wp-json\/wp\/v2\/types\/product"}],"replies":[{"embeddable":true,"href":"https:\/\/transparentgift.com\/pt\/wp-json\/wp\/v2\/comments?post=500701"}],"wp:featuredmedia":[{"embeddable":true,"href":"https:\/\/transparentgift.com\/pt\/wp-json\/wp\/v2\/media\/500752"}],"wp:attachment":[{"href":"https:\/\/transparentgift.com\/pt\/wp-json\/wp\/v2\/media?parent=500701"}],"wp:term":[{"taxonomy":"product_brand","embeddable":true,"href":"https:\/\/transparentgift.com\/pt\/wp-json\/wp\/v2\/product_brand?post=500701"},{"taxonomy":"product_cat","embeddable":true,"href":"https:\/\/transparentgift.com\/pt\/wp-json\/wp\/v2\/product_cat?post=500701"},{"taxonomy":"product_tag","embeddable":true,"href":"https:\/\/transparentgift.com\/pt\/wp-json\/wp\/v2\/product_tag?post=500701"}],"curies":[{"name":"wp","href":"https:\/\/api.w.org\/{rel}","templated":true}]}}