{"id":500703,"date":"2026-03-26T13:47:00","date_gmt":"2026-03-26T13:47:00","guid":{"rendered":"https:\/\/transparentgift.com\/pt\/caneca-mama-cubos-com-quatro-fotos-personalizada\/"},"modified":"2026-04-17T12:29:48","modified_gmt":"2026-04-17T11:29:48","slug":"caneca-mama-cubos-com-quatro-fotos-personalizada","status":"publish","type":"product","link":"https:\/\/transparentgift.com\/pt\/caneca-mama-cubos-com-quatro-fotos-personalizada\/","title":{"rendered":"Caneca Mam\u00e3 Cubos com Quatro Fotos personalizada"},"content":{"rendered":"<p>&#8220;Surpreenda a sua m\u00e3e com a <strong>caneca personalizada<\/strong> mais original que lhe poder\u00e1 oferecer. Este modelo tem um design ao qual poder\u00e1 adicionar as fotos que desejar. Sendo uma caneca personaliz\u00e1vel, cada modelo ser\u00e1 \u00fanico. A sua m\u00e3e poder\u00e1 tomar o caf\u00e9 todos os dias com a recorda\u00e7\u00e3o mais enternecedora! Al\u00e9m de ser o melhor <strong>presente para o Dia da M\u00e3e<\/strong>, tamb\u00e9m ser\u00e1 um \u00f3timo presente para a mam\u00e3 no seu <strong>anivers\u00e1rio<\/strong> ou em qualquer ocasi\u00e3o especial.<\/p>\n<p>Como personalizar? \u00c9 muito simples! Poder\u00e1 <strong>carregar as quatro fotos favoritas<\/strong> com a sua m\u00e3e e ficar\u00e3o refletidas na caneca em forma de collage, acompanhando a <strong>palavra &#8220;&#8221;Mam\u00e3&#8221;&#8221; colocada em cubos<\/strong>. Tamb\u00e9m poder\u00e1 <strong>escolher a cor<\/strong> dos cubos entre duas op\u00e7\u00f5es (verde e rosa). A sua m\u00e3e n\u00e3o vai querer usar outra caneca! Este presente original \u00e9 uma das melhores ideias para dar aquele toque final ao <strong>pequeno-almo\u00e7o ou lanche<\/strong>, na companhia de um bom <strong>caf\u00e9 ou ch\u00e1<\/strong>.<\/p>\n<p>\u00c9 fabricada em <strong>cer\u00e2mica de alta qualidade<\/strong>, apta para micro-ondas e m\u00e1quina de lavar loi\u00e7a. <strong>Tem asa<\/strong> para a segurar com seguran\u00e7a. Al\u00e9m disso, poder\u00e1 <strong>encher a caneca com chocolates Kinder<\/strong> por um custo adicional de 6 euros. S\u00f3 ter\u00e1 de escolher esta op\u00e7\u00e3o no momento da personaliza\u00e7\u00e3o.<\/p>\n<p>N\u00e3o fique sem um dos melhores <strong>presentes originais para m\u00e3es<\/strong>. \u00c9 ideal para demonstrar o seu carinho pela mam\u00e3 nesse dia t\u00e3o especial. Vai faz\u00ea-la sentir-se a mais sortuda do mundo!<\/p>\n<p><strong>Caracter\u00edsticas:<\/strong><\/p>\n<ul>\n<li>Tamanho: 9,5 x 8 cm<\/li>\n<li>Material: Cer\u00e2mica.<\/li>\n<li>Capacidade: 333 ml<\/li>\n<li>Manuten\u00e7\u00e3o: Apta para micro-ondas e m\u00e1quina de lavar loi\u00e7a.<\/li>\n<li>Extras: Saqueta com Kinder.<\/li>\n<\/ul>\n<p>&#8220;<\/p>\n","protected":false},"excerpt":{"rendered":"<p>&#8220;Surpreenda a sua m\u00e3e com a caneca personalizada mais original que lhe poder\u00e1 oferecer. Este [&#8230;]<\/p>\n","protected":false},"featured_media":500759,"comment_status":"open","ping_status":"closed","template":"","meta":{"_acf_changed":false},"product_brand":[],"product_cat":[1816],"product_tag":[1688],"class_list":{"0":"post-500703","1":"product","2":"type-product","3":"status-publish","4":"has-post-thumbnail","6":"product_cat-canecas-personalizadas","7":"product_tag-maes","9":"first","10":"instock","11":"taxable","12":"shipping-taxable","13":"purchasable","14":"product-type-simple"},"acf":[],"df_price":10.99,"df_sale_price":"","df_regular_price":10.99,"df_image_link":"https:\/\/transparentgift.com\/pt\/wp-content\/uploads\/2026\/03\/Taza-Mama-cubos-vertical_1-300x300.jpg","_links":{"self":[{"href":"https:\/\/transparentgift.com\/pt\/wp-json\/wp\/v2\/product\/500703","targetHints":{"allow":["GET"]}}],"collection":[{"href":"https:\/\/transparentgift.com\/pt\/wp-json\/wp\/v2\/product"}],"about":[{"href":"https:\/\/transparentgift.com\/pt\/wp-json\/wp\/v2\/types\/product"}],"replies":[{"embeddable":true,"href":"https:\/\/transparentgift.com\/pt\/wp-json\/wp\/v2\/comments?post=500703"}],"wp:featuredmedia":[{"embeddable":true,"href":"https:\/\/transparentgift.com\/pt\/wp-json\/wp\/v2\/media\/500759"}],"wp:attachment":[{"href":"https:\/\/transparentgift.com\/pt\/wp-json\/wp\/v2\/media?parent=500703"}],"wp:term":[{"taxonomy":"product_brand","embeddable":true,"href":"https:\/\/transparentgift.com\/pt\/wp-json\/wp\/v2\/product_brand?post=500703"},{"taxonomy":"product_cat","embeddable":true,"href":"https:\/\/transparentgift.com\/pt\/wp-json\/wp\/v2\/product_cat?post=500703"},{"taxonomy":"product_tag","embeddable":true,"href":"https:\/\/transparentgift.com\/pt\/wp-json\/wp\/v2\/product_tag?post=500703"}],"curies":[{"name":"wp","href":"https:\/\/api.w.org\/{rel}","templated":true}]}}