{"id":500717,"date":"2026-03-26T15:06:37","date_gmt":"2026-03-26T15:06:37","guid":{"rendered":"https:\/\/transparentgift.com\/pt\/poster-mama-vertical-con-fotos\/"},"modified":"2026-04-10T18:51:01","modified_gmt":"2026-04-10T17:51:01","slug":"poster-vertical-para-a-mae-com-fotografias-personalizadas","status":"publish","type":"product","link":"https:\/\/transparentgift.com\/pt\/poster-vertical-para-a-mae-com-fotografias-personalizadas\/","title":{"rendered":"P\u00f3ster Vertical para a M\u00e3e com Fotografias personalizadas"},"content":{"rendered":"<p><strong>Transforma as tuas recorda\u00e7\u00f5es numa pe\u00e7a decorativa cheia de emo\u00e7\u00e3o<\/strong>. Este p\u00f3ster vertical para a m\u00e3e com fotos \u00e9 uma forma original de reunir momentos especiais num design visual apelativo e muito pessoal.<\/p>\n<p>A sua composi\u00e7\u00e3o em vertical com a palavra <strong>MAM\u00c3<\/strong> integrada entre imagens cria um resultado elegante, afetivo e pensado para dar protagonismo a viv\u00eancias partilhadas em casa.<\/p>\n<p>\u00c9 uma op\u00e7\u00e3o ideal para quem procura um detalhe personalizado para o Dia da M\u00e3e, anivers\u00e1rios, Natal ou celebra\u00e7\u00f5es familiares. Tamb\u00e9m se adequa como recorda\u00e7\u00e3o emotiva dos filhos para a m\u00e3e, como surpresa da parte do companheiro ou da companheira ou como elemento decorativo para quartos, salas ou cantos especiais onde apetece ter por perto esses instantes importantes.<\/p>\n<h4><strong>Caracter\u00edsticas:<\/strong><\/h4>\n<ul>\n<li>Formato vertical personalizado com fotos.<\/li>\n<li>Papel acetinado de 240 gr.<\/li>\n<li>Medidas dispon\u00edveis: 21 x 29,7 cm.<\/li>\n<li>Medidas dispon\u00edveis: 30 x 40 cm.<\/li>\n<li>Medidas dispon\u00edveis: 42 x 59,5 cm.<\/li>\n<\/ul>\n","protected":false},"excerpt":{"rendered":"<p>Transforma as tuas recorda\u00e7\u00f5es numa pe\u00e7a decorativa cheia de emo\u00e7\u00e3o. Este p\u00f3ster vertical para [&#8230;]<\/p>\n","protected":false},"featured_media":500963,"comment_status":"open","ping_status":"closed","template":"","meta":{"_acf_changed":false},"product_brand":[],"product_cat":[1738],"product_tag":[1688,1710],"ai-category":[],"class_list":{"0":"post-500717","1":"product","2":"type-product","3":"status-publish","4":"has-post-thumbnail","6":"product_cat-posteres-personalizados","7":"product_tag-maes","8":"product_tag-novo","10":"first","11":"instock","12":"taxable","13":"shipping-taxable","14":"purchasable","15":"product-type-simple"},"acf":[],"df_price":19.99,"df_sale_price":"","df_regular_price":19.99,"df_image_link":"https:\/\/transparentgift.com\/pt\/wp-content\/uploads\/2026\/04\/PT_poster-Mama-Vertical_1-300x300.jpg","_links":{"self":[{"href":"https:\/\/transparentgift.com\/pt\/wp-json\/wp\/v2\/product\/500717","targetHints":{"allow":["GET"]}}],"collection":[{"href":"https:\/\/transparentgift.com\/pt\/wp-json\/wp\/v2\/product"}],"about":[{"href":"https:\/\/transparentgift.com\/pt\/wp-json\/wp\/v2\/types\/product"}],"replies":[{"embeddable":true,"href":"https:\/\/transparentgift.com\/pt\/wp-json\/wp\/v2\/comments?post=500717"}],"wp:featuredmedia":[{"embeddable":true,"href":"https:\/\/transparentgift.com\/pt\/wp-json\/wp\/v2\/media\/500963"}],"wp:attachment":[{"href":"https:\/\/transparentgift.com\/pt\/wp-json\/wp\/v2\/media?parent=500717"}],"wp:term":[{"taxonomy":"product_brand","embeddable":true,"href":"https:\/\/transparentgift.com\/pt\/wp-json\/wp\/v2\/product_brand?post=500717"},{"taxonomy":"product_cat","embeddable":true,"href":"https:\/\/transparentgift.com\/pt\/wp-json\/wp\/v2\/product_cat?post=500717"},{"taxonomy":"product_tag","embeddable":true,"href":"https:\/\/transparentgift.com\/pt\/wp-json\/wp\/v2\/product_tag?post=500717"},{"taxonomy":"ai-category","embeddable":true,"href":"https:\/\/transparentgift.com\/pt\/wp-json\/wp\/v2\/ai-category?post=500717"}],"curies":[{"name":"wp","href":"https:\/\/api.w.org\/{rel}","templated":true}]}}