{"id":500721,"date":"2026-03-26T15:06:41","date_gmt":"2026-03-26T15:06:41","guid":{"rendered":"https:\/\/transparentgift.com\/pt\/poster-scrabble-el-mismo-del-dia-de-la-abuela\/"},"modified":"2026-04-10T18:59:44","modified_gmt":"2026-04-10T17:59:44","slug":"poster-scrabble-para-a-mae-com-nomes-personalizados","status":"publish","type":"product","link":"https:\/\/transparentgift.com\/pt\/poster-scrabble-para-a-mae-com-nomes-personalizados\/","title":{"rendered":"P\u00f3ster Scrabble para a M\u00e3e com Nomes personalizados"},"content":{"rendered":"<p><strong>Cria uma recorda\u00e7\u00e3o \u00fanica com um estilo original e criativo<\/strong>. Este p\u00f3ster personalizado estilo Scrabble transforma os nomes da tua fam\u00edlia numa composi\u00e7\u00e3o decorativa com muito significado.<\/p>\n<p>Inspirado no cl\u00e1ssico jogo de palavras, combina design e emo\u00e7\u00e3o para dar origem a uma pe\u00e7a visual moderna que se destaca pela sua simplicidade e valor sentimental.<\/p>\n<p>\u00c9 perfeito para fam\u00edlias que procuram uma decora\u00e7\u00e3o personalizada para a sua casa ou um presente original para ocasi\u00f5es como anivers\u00e1rios, Natal, inaugura\u00e7\u00f5es de casa ou celebra\u00e7\u00f5es familiares. Ideal para surpreender pais, m\u00e3es, casais ou at\u00e9 av\u00f3s com um detalhe diferente que reflete a uni\u00e3o familiar e se adapta a qualquer divis\u00e3o, como a sala de estar ou o quarto.<\/p>\n<h4><strong>Caracter\u00edsticas:<\/strong><\/h4>\n<ul>\n<li>Design personalizado estilo Scrabble com nomes.<\/li>\n<li>Papel acetinado de 240 gr.<\/li>\n<li>Medidas dispon\u00edveis: 21 x 29,7 cm.<\/li>\n<li>Medidas dispon\u00edveis: 30 x 40 cm.<\/li>\n<li>Medidas dispon\u00edveis: 42 x 59,5 cm.<\/li>\n<\/ul>\n","protected":false},"excerpt":{"rendered":"<p>Cria uma recorda\u00e7\u00e3o \u00fanica com um estilo original e criativo. Este p\u00f3ster personalizado estilo Sc [&#8230;]<\/p>\n","protected":false},"featured_media":501064,"comment_status":"open","ping_status":"closed","template":"","meta":{"_acf_changed":false},"product_brand":[],"product_cat":[1738],"product_tag":[1688,1710],"ai-category":[],"class_list":{"0":"post-500721","1":"product","2":"type-product","3":"status-publish","4":"has-post-thumbnail","6":"product_cat-posteres-personalizados","7":"product_tag-maes","8":"product_tag-novo","10":"first","11":"instock","12":"taxable","13":"shipping-taxable","14":"purchasable","15":"product-type-simple"},"acf":[],"df_price":19.99,"df_sale_price":"","df_regular_price":19.99,"df_image_link":"https:\/\/transparentgift.com\/pt\/wp-content\/uploads\/2026\/04\/PT_poster-Scrabble-1-300x300.jpg","_links":{"self":[{"href":"https:\/\/transparentgift.com\/pt\/wp-json\/wp\/v2\/product\/500721","targetHints":{"allow":["GET"]}}],"collection":[{"href":"https:\/\/transparentgift.com\/pt\/wp-json\/wp\/v2\/product"}],"about":[{"href":"https:\/\/transparentgift.com\/pt\/wp-json\/wp\/v2\/types\/product"}],"replies":[{"embeddable":true,"href":"https:\/\/transparentgift.com\/pt\/wp-json\/wp\/v2\/comments?post=500721"}],"wp:featuredmedia":[{"embeddable":true,"href":"https:\/\/transparentgift.com\/pt\/wp-json\/wp\/v2\/media\/501064"}],"wp:attachment":[{"href":"https:\/\/transparentgift.com\/pt\/wp-json\/wp\/v2\/media?parent=500721"}],"wp:term":[{"taxonomy":"product_brand","embeddable":true,"href":"https:\/\/transparentgift.com\/pt\/wp-json\/wp\/v2\/product_brand?post=500721"},{"taxonomy":"product_cat","embeddable":true,"href":"https:\/\/transparentgift.com\/pt\/wp-json\/wp\/v2\/product_cat?post=500721"},{"taxonomy":"product_tag","embeddable":true,"href":"https:\/\/transparentgift.com\/pt\/wp-json\/wp\/v2\/product_tag?post=500721"},{"taxonomy":"ai-category","embeddable":true,"href":"https:\/\/transparentgift.com\/pt\/wp-json\/wp\/v2\/ai-category?post=500721"}],"curies":[{"name":"wp","href":"https:\/\/api.w.org\/{rel}","templated":true}]}}