{"id":501185,"date":"2026-04-09T14:37:18","date_gmt":"2026-04-09T13:37:18","guid":{"rendered":"https:\/\/transparentgift.com\/pt\/?post_type=product&#038;p=501185"},"modified":"2026-04-21T09:23:07","modified_gmt":"2026-04-21T08:23:07","slug":"lampada-para-a-mae-com-coracoes-e-tres-fotografias-personalizadas","status":"publish","type":"product","link":"https:\/\/transparentgift.com\/pt\/lampada-para-a-mae-com-coracoes-e-tres-fotografias-personalizadas\/","title":{"rendered":"L\u00e2mpada para a M\u00e3e com Cora\u00e7\u00f5es e Tr\u00eas Fotografias personalizadas"},"content":{"rendered":"<p><strong>Faz com que as suas melhores recorda\u00e7\u00f5es brilhem todos os dias<\/strong> com a l\u00e2mpada para Mam\u00e3 com Cora\u00e7\u00f5es e Fotos personalizadas, uma op\u00e7\u00e3o emotiva e decorativa pensada para surpreender com um detalhe \u00fanico.<\/p>\n<p>A sua composi\u00e7\u00e3o vertical com cora\u00e7\u00f5es e tr\u00eas imagens personalizadas cria uma pe\u00e7a muito especial, perfeita para dar protagonismo a momentos familiares e transform\u00e1-los em parte da decora\u00e7\u00e3o da casa.<\/p>\n<p>Foi pensada para quem procura um <strong>presente original para a m\u00e3e<\/strong> com um verdadeiro valor sentimental, ideal para anivers\u00e1rios, Dia da M\u00e3e, Natal ou celebra\u00e7\u00f5es familiares. Tamb\u00e9m \u00e9 uma escolha muito acertada para filhos e filhas que querem preparar uma surpresa personalizada e pr\u00e1tica, j\u00e1 que al\u00e9m de emocionar, proporciona uma ilumina\u00e7\u00e3o ambiente muito agrad\u00e1vel no quarto, sala ou zona de descanso.<\/p>\n<h4><strong>Caracter\u00edsticas:<\/strong><\/h4>\n<ul>\n<li>Medidas da l\u00e2mpada: 17 x18,5 x 4,5 cm<\/li>\n<li>Material: madeira com metacrilato de alta qualidade<\/li>\n<li>Luz LED quente<\/li>\n<li>Cabo com conector USB<\/li>\n<li>Extras: toalhita para a sua limpeza e embalagem premium<\/li>\n<\/ul>\n","protected":false},"excerpt":{"rendered":"<p>Faz com que as suas melhores recorda\u00e7\u00f5es brilhem todos os dias com a l\u00e2mpada para Mam\u00e3 com Cora? [&#8230;]<\/p>\n","protected":false},"featured_media":501280,"comment_status":"open","ping_status":"closed","template":"","meta":{"_acf_changed":false},"product_brand":[],"product_cat":[1835],"product_tag":[1688,1710],"ai-category":[],"class_list":{"0":"post-501185","1":"product","2":"type-product","3":"status-publish","4":"has-post-thumbnail","6":"product_cat-lamparas-personalizadas","7":"product_tag-maes","8":"product_tag-novo","10":"first","11":"instock","12":"taxable","13":"shipping-taxable","14":"purchasable","15":"product-type-simple"},"acf":[],"df_price":16.99,"df_sale_price":"","df_regular_price":16.99,"df_image_link":"https:\/\/transparentgift.com\/pt\/wp-content\/uploads\/2026\/04\/PT_Lampara_3-fotos_1-300x300.jpg","_links":{"self":[{"href":"https:\/\/transparentgift.com\/pt\/wp-json\/wp\/v2\/product\/501185","targetHints":{"allow":["GET"]}}],"collection":[{"href":"https:\/\/transparentgift.com\/pt\/wp-json\/wp\/v2\/product"}],"about":[{"href":"https:\/\/transparentgift.com\/pt\/wp-json\/wp\/v2\/types\/product"}],"replies":[{"embeddable":true,"href":"https:\/\/transparentgift.com\/pt\/wp-json\/wp\/v2\/comments?post=501185"}],"wp:featuredmedia":[{"embeddable":true,"href":"https:\/\/transparentgift.com\/pt\/wp-json\/wp\/v2\/media\/501280"}],"wp:attachment":[{"href":"https:\/\/transparentgift.com\/pt\/wp-json\/wp\/v2\/media?parent=501185"}],"wp:term":[{"taxonomy":"product_brand","embeddable":true,"href":"https:\/\/transparentgift.com\/pt\/wp-json\/wp\/v2\/product_brand?post=501185"},{"taxonomy":"product_cat","embeddable":true,"href":"https:\/\/transparentgift.com\/pt\/wp-json\/wp\/v2\/product_cat?post=501185"},{"taxonomy":"product_tag","embeddable":true,"href":"https:\/\/transparentgift.com\/pt\/wp-json\/wp\/v2\/product_tag?post=501185"},{"taxonomy":"ai-category","embeddable":true,"href":"https:\/\/transparentgift.com\/pt\/wp-json\/wp\/v2\/ai-category?post=501185"}],"curies":[{"name":"wp","href":"https:\/\/api.w.org\/{rel}","templated":true}]}}