{"id":501190,"date":"2026-04-09T14:53:12","date_gmt":"2026-04-09T13:53:12","guid":{"rendered":"https:\/\/transparentgift.com\/pt\/marco-para-mama-con-flores-y-fotos-personalizadas\/"},"modified":"2026-04-22T11:15:48","modified_gmt":"2026-04-22T10:15:48","slug":"moldura-com-flores-e-fotografias-personalizadas","status":"publish","type":"product","link":"https:\/\/transparentgift.com\/pt\/moldura-com-flores-e-fotografias-personalizadas\/","title":{"rendered":"Moldura com Flores e Fotografias Personalizadas"},"content":{"rendered":"<p><strong>Transforma uma recorda\u00e7\u00e3o num detalhe que emociona de verdade<\/strong> com a Moldura com Flores e Fotos personalizadas, uma pe\u00e7a decorativa pensada para guardar momentos especiais com um acabamento delicado e muito sentimental.<\/p>\n<p>A combina\u00e7\u00e3o de fotografia, mensagem personalizada e flores reais no interior cria uma composi\u00e7\u00e3o com muito encanto, perfeita para oferecer algo diferente e com uma presen\u00e7a muito especial em qualquer canto.<\/p>\n<p>\u00c9 uma op\u00e7\u00e3o ideal para quem procura <strong>presentes personalizados<\/strong>\u00a0com um estilo elegante, natural e emotivo. \u00c9 perfeita para surpreender em anivers\u00e1rios, Dia da M\u00e3e, Natal ou como detalhe de agradecimento numa data importante. O seu design tamb\u00e9m se adequa muito bem como recorda\u00e7\u00e3o familiar, homenagem cheia de carinho ou elemento decorativo para quarto, sala, hall de entrada ou at\u00e9 uma zona de trabalho, trazendo um toque acolhedor e pessoal que convida a reviver recorda\u00e7\u00f5es bonitas sempre que se olha para ela.<\/p>\n<h4><strong>Caracter\u00edsticas:<\/strong><\/h4>\n<ul>\n<li>Medidas: 19,5 x 19,5 x 6,5 cm<\/li>\n<li>Material: moldura de madeira<\/li>\n<li>Flores reais no interior<\/li>\n<li>Design personalizado com foto<\/li>\n<li>Formato decorativo de mesa ou prateleira<\/li>\n<\/ul>\n","protected":false},"excerpt":{"rendered":"<p>Transforma uma recorda\u00e7\u00e3o num detalhe que emociona de verdade com a Moldura com Flores e Fotos per [&#8230;]<\/p>\n","protected":false},"featured_media":501688,"comment_status":"open","ping_status":"closed","template":"","meta":{"_acf_changed":false},"product_brand":[],"product_cat":[1690],"product_tag":[1677,1688,1710],"class_list":{"0":"post-501190","1":"product","2":"type-product","3":"status-publish","4":"has-post-thumbnail","6":"product_cat-produtos-originais","7":"product_tag-generico","8":"product_tag-maes","9":"product_tag-novo","11":"first","12":"instock","13":"taxable","14":"shipping-taxable","15":"purchasable","16":"product-type-simple"},"acf":[],"df_price":20.99,"df_sale_price":"","df_regular_price":20.99,"df_image_link":"https:\/\/transparentgift.com\/pt\/wp-content\/uploads\/2026\/04\/Pt_Cuadro-con-flores_1-300x300.jpg","_links":{"self":[{"href":"https:\/\/transparentgift.com\/pt\/wp-json\/wp\/v2\/product\/501190","targetHints":{"allow":["GET"]}}],"collection":[{"href":"https:\/\/transparentgift.com\/pt\/wp-json\/wp\/v2\/product"}],"about":[{"href":"https:\/\/transparentgift.com\/pt\/wp-json\/wp\/v2\/types\/product"}],"replies":[{"embeddable":true,"href":"https:\/\/transparentgift.com\/pt\/wp-json\/wp\/v2\/comments?post=501190"}],"wp:featuredmedia":[{"embeddable":true,"href":"https:\/\/transparentgift.com\/pt\/wp-json\/wp\/v2\/media\/501688"}],"wp:attachment":[{"href":"https:\/\/transparentgift.com\/pt\/wp-json\/wp\/v2\/media?parent=501190"}],"wp:term":[{"taxonomy":"product_brand","embeddable":true,"href":"https:\/\/transparentgift.com\/pt\/wp-json\/wp\/v2\/product_brand?post=501190"},{"taxonomy":"product_cat","embeddable":true,"href":"https:\/\/transparentgift.com\/pt\/wp-json\/wp\/v2\/product_cat?post=501190"},{"taxonomy":"product_tag","embeddable":true,"href":"https:\/\/transparentgift.com\/pt\/wp-json\/wp\/v2\/product_tag?post=501190"}],"curies":[{"name":"wp","href":"https:\/\/api.w.org\/{rel}","templated":true}]}}