{"id":502164,"date":"2026-04-20T14:01:54","date_gmt":"2026-04-20T13:01:54","guid":{"rendered":"https:\/\/transparentgift.com\/pt\/?post_type=product&#038;p=502164"},"modified":"2026-04-26T09:34:28","modified_gmt":"2026-04-26T08:34:28","slug":"papel-de-embrulho-papa-com-texto-personalizado-2","status":"publish","type":"product","link":"https:\/\/transparentgift.com\/pt\/papel-de-embrulho-papa-com-texto-personalizado-2\/","title":{"rendered":"Papel de Embrulho Pap\u00e1 com Texto personalizado"},"content":{"rendered":"<p><strong>Torne cada presente para o pap\u00e1 inesquec\u00edvel<\/strong> com o nosso papel de embrulho personalizado.<\/p>\n<p>Este papel de embrulho oferece a oportunidade de adicionar um toque pessoal e \u00fanico \u00e0s suas ofertas, destacando mensagens e nomes especiais. Perfeito para o Dia do Pai ou qualquer anivers\u00e1rio, o seu design colorido com a palavra &#8220;Pap\u00e1&#8221; em v\u00e1rios tons far\u00e1 com que cada presente se sinta especial.<\/p>\n<p>Ideal para quem procura expressar o seu amor e gratid\u00e3o de uma forma criativa e personalizada. Este papel \u00e9 perfeito para surpreender o pai no seu dia, seja numa celebra\u00e7\u00e3o especial ou simplesmente para lhe recordar o quanto o aprecia em qualquer momento.<\/p>\n<h4><strong>Caracter\u00edsticas:<\/strong><\/h4>\n<ul>\n<li style=\"list-style-type: none\">\n<ul>\n<li>Tamanho: 100 x 61 cm<\/li>\n<li>Material: Papel de 80 gr<\/li>\n<\/ul>\n<\/li>\n<\/ul>\n","protected":false},"excerpt":{"rendered":"<p>Torne cada presente para o pap\u00e1 inesquec\u00edvel com o nosso papel de embrulho personalizado. Este pap [&#8230;]<\/p>\n","protected":false},"featured_media":498853,"comment_status":"open","ping_status":"closed","template":"","meta":{"_acf_changed":false},"product_brand":[],"product_cat":[1721],"product_tag":[1708,1681],"class_list":{"0":"post-502164","1":"product","2":"type-product","3":"status-publish","4":"has-post-thumbnail","6":"product_cat-papel-de-embrulho-personalizado","7":"product_tag-homens","8":"product_tag-pais","10":"first","11":"instock","12":"taxable","13":"shipping-taxable","14":"purchasable","15":"product-type-simple"},"acf":[],"df_price":10.99,"df_sale_price":"","df_regular_price":10.99,"df_image_link":"https:\/\/transparentgift.com\/pt\/wp-content\/uploads\/2026\/02\/PT_cat-1-1-300x300.jpg","_links":{"self":[{"href":"https:\/\/transparentgift.com\/pt\/wp-json\/wp\/v2\/product\/502164","targetHints":{"allow":["GET"]}}],"collection":[{"href":"https:\/\/transparentgift.com\/pt\/wp-json\/wp\/v2\/product"}],"about":[{"href":"https:\/\/transparentgift.com\/pt\/wp-json\/wp\/v2\/types\/product"}],"replies":[{"embeddable":true,"href":"https:\/\/transparentgift.com\/pt\/wp-json\/wp\/v2\/comments?post=502164"}],"wp:featuredmedia":[{"embeddable":true,"href":"https:\/\/transparentgift.com\/pt\/wp-json\/wp\/v2\/media\/498853"}],"wp:attachment":[{"href":"https:\/\/transparentgift.com\/pt\/wp-json\/wp\/v2\/media?parent=502164"}],"wp:term":[{"taxonomy":"product_brand","embeddable":true,"href":"https:\/\/transparentgift.com\/pt\/wp-json\/wp\/v2\/product_brand?post=502164"},{"taxonomy":"product_cat","embeddable":true,"href":"https:\/\/transparentgift.com\/pt\/wp-json\/wp\/v2\/product_cat?post=502164"},{"taxonomy":"product_tag","embeddable":true,"href":"https:\/\/transparentgift.com\/pt\/wp-json\/wp\/v2\/product_tag?post=502164"}],"curies":[{"name":"wp","href":"https:\/\/api.w.org\/{rel}","templated":true}]}}