{"id":504030,"date":"2026-05-05T10:05:30","date_gmt":"2026-05-05T09:05:30","guid":{"rendered":"https:\/\/transparentgift.com\/pt\/?post_type=product&#038;p=504030"},"modified":"2026-05-12T12:02:47","modified_gmt":"2026-05-12T11:02:47","slug":"lampada-jogador-de-futebol-com-nome-personalizada","status":"publish","type":"product","link":"https:\/\/transparentgift.com\/pt\/lampada-jogador-de-futebol-com-nome-personalizada\/","title":{"rendered":"L\u00e2mpada Jogador de Futebol com Nome personalizada"},"content":{"rendered":"<p><strong>L\u00e2mpada Jogador de Futebol com Nome personalizada<\/strong>. Um presente \u00fanico para os apaixonados por futebol que ilumina e personaliza qualquer espa\u00e7o.<\/p>\n<p>Com um design elegante e a possibilidade de personaliza\u00e7\u00e3o com o nome do destinat\u00e1rio, esta l\u00e2mpada torna-se o detalhe perfeito para qualquer ocasi\u00e3o especial.<\/p>\n<p>Ideal para <strong>crian\u00e7as e adultos<\/strong> que adoram futebol, esta l\u00e2mpada \u00e9 perfeita para <strong>anivers\u00e1rios, datas comemorativas, Natal<\/strong> ou como um presente especial no <strong>Dia do Pai<\/strong>. Surpreende os teus entes queridos e faz com que se sintam especiais com um presente que poder\u00e3o exibir na sua <strong>mesa de cabeceira<\/strong> ou <strong>estante<\/strong>.<\/p>\n<h4><strong>Caracter\u00edsticas:<\/strong><\/h4>\n<ul>\n<li>Tamanho:\n<ul>\n<li>Com base: 17 x 14,5 x 4,5 cm<\/li>\n<li>Com moldura: 21 x 17 cm<\/li>\n<\/ul>\n<\/li>\n<li>Material:\n<ul>\n<li>Placa: metacrilato de alta qualidade.<\/li>\n<li>Base: madeira de alta qualidade.<\/li>\n<\/ul>\n<\/li>\n<li>Inclui: luz LED quente, cabo USB, embalagem com caixa de presente.<\/li>\n<li>Manuten\u00e7\u00e3o: limpa-se facilmente com a ajuda da toalhita inclu\u00edda.<\/li>\n<\/ul>\n","protected":false},"excerpt":{"rendered":"<p>L\u00e2mpada Jogador de Futebol com Nome personalizada. Um presente \u00fanico para os apaixonados por futeb [&#8230;]<\/p>\n","protected":false},"featured_media":504349,"comment_status":"open","ping_status":"closed","template":"","meta":{"_acf_changed":false},"product_brand":[],"product_cat":[1835],"product_tag":[1780,1708],"class_list":{"0":"post-504030","1":"product","2":"type-product","3":"status-publish","4":"has-post-thumbnail","6":"product_cat-lamparas-personalizadas","7":"product_tag-esportes","8":"product_tag-homens","10":"first","11":"instock","12":"sale","13":"taxable","14":"shipping-taxable","15":"purchasable","16":"product-type-simple"},"acf":[],"df_price":16.99,"df_sale_price":16.99,"df_regular_price":30.99,"df_image_link":"https:\/\/transparentgift.com\/pt\/wp-content\/uploads\/2026\/05\/pt_1-2-300x300.jpg","_links":{"self":[{"href":"https:\/\/transparentgift.com\/pt\/wp-json\/wp\/v2\/product\/504030","targetHints":{"allow":["GET"]}}],"collection":[{"href":"https:\/\/transparentgift.com\/pt\/wp-json\/wp\/v2\/product"}],"about":[{"href":"https:\/\/transparentgift.com\/pt\/wp-json\/wp\/v2\/types\/product"}],"replies":[{"embeddable":true,"href":"https:\/\/transparentgift.com\/pt\/wp-json\/wp\/v2\/comments?post=504030"}],"wp:featuredmedia":[{"embeddable":true,"href":"https:\/\/transparentgift.com\/pt\/wp-json\/wp\/v2\/media\/504349"}],"wp:attachment":[{"href":"https:\/\/transparentgift.com\/pt\/wp-json\/wp\/v2\/media?parent=504030"}],"wp:term":[{"taxonomy":"product_brand","embeddable":true,"href":"https:\/\/transparentgift.com\/pt\/wp-json\/wp\/v2\/product_brand?post=504030"},{"taxonomy":"product_cat","embeddable":true,"href":"https:\/\/transparentgift.com\/pt\/wp-json\/wp\/v2\/product_cat?post=504030"},{"taxonomy":"product_tag","embeddable":true,"href":"https:\/\/transparentgift.com\/pt\/wp-json\/wp\/v2\/product_tag?post=504030"}],"curies":[{"name":"wp","href":"https:\/\/api.w.org\/{rel}","templated":true}]}}