{"id":504031,"date":"2026-05-05T10:05:30","date_gmt":"2026-05-05T09:05:30","guid":{"rendered":"https:\/\/transparentgift.com\/pt\/?post_type=product&#038;p=504031"},"modified":"2026-05-12T12:02:49","modified_gmt":"2026-05-12T11:02:49","slug":"lampada-infantil-lua-em-cor-com-nome-personalizada","status":"publish","type":"product","link":"https:\/\/transparentgift.com\/pt\/lampada-infantil-lua-em-cor-com-nome-personalizada\/","title":{"rendered":"L\u00e2mpada Infantil Lua em Cor com Nome personalizada"},"content":{"rendered":"<p>Com esta <strong>l\u00e2mpada de presen\u00e7a com design de lua em cor<\/strong>, poder\u00e1s dar um toque original e \u00fanico ao quarto do mais pequeno da casa. \u00c9 o presente mais original para oferecer <strong>no seu anivers\u00e1rio, no Natal, no regresso \u00e0s aulas<\/strong> ou em qualquer celebra\u00e7\u00e3o que o mere\u00e7a. Tamb\u00e9m ser\u00e1 um detalhe fant\u00e1stico para <strong>batizados ou nascimentos<\/strong>. Seja como for, a emo\u00e7\u00e3o est\u00e1 garantida!<\/p>\n<p>Poder\u00e1s personaliz\u00e1-la de forma simples <strong>adicionando o nome<\/strong> do menino ou da menina no local indicado, que ficar\u00e1 gravado dentro da nuvem onde repousam a lua colorida e as estrelas. Sentir\u00e1 que a l\u00e2mpada est\u00e1 exclusivamente dedicada a ele ou a ela.<\/p>\n<p>A luz suave que emite \u00e9 perfeita para acrescentar um <strong>toque pessoal ao quarto das crian\u00e7as<\/strong>. Poder\u00e1 coloc\u00e1-la na <strong>mesa de cabeceira<\/strong>, na sua <strong>secret\u00e1ria<\/strong> ou numa <strong>estante<\/strong>. Al\u00e9m disso, ajudar\u00e1 os mais pequenos a <strong>adormecer<\/strong> gra\u00e7as \u00e0 sua luz noturna, que a transforma numa l\u00e2mpada de presen\u00e7a. A luz acende-se facilmente atrav\u00e9s do <strong>interruptor de ligar\/desligar<\/strong>.<\/p>\n<p>A placa da l\u00e2mpada \u00e9 fabricada em <strong>metacrilato de alta qualidade<\/strong>, o que lhe confere resist\u00eancia e durabilidade. A <strong>base<\/strong> sobre a qual assenta \u00e9 feita <strong>de madeira<\/strong>, e poder\u00e1s gravar uma <strong>mensagem adicional<\/strong> por um pequeno extra.<\/p>\n<p>N\u00e3o fiques sem o melhor presente para fazer felizes os mais pequenos. Personaliza a l\u00e2mpada ao gosto deles e deixa que a agrad\u00e1vel luz e o chamativo design infantil tornem as suas noites muito mais agrad\u00e1veis. V\u00e3o adorar a sua nova l\u00e2mpada!<\/p>\n<p><strong>Caracter\u00edsticas:<\/strong><\/p>\n<ul>\n<li>Tamanho: 18 \u00d7 14,5 x 4,5 cm<\/li>\n<li>Material:\n<ul>\n<li>Placa: metacrilato de alta qualidade.<\/li>\n<li>Base: madeira de alta qualidade.<\/li>\n<\/ul>\n<\/li>\n<li>Inclui: luz LED RGB, cabo USB, embalagem com caixa de presente.<\/li>\n<li>Manuten\u00e7\u00e3o: limpa-se facilmente com a ajuda da toalhita inclu\u00edda.<\/li>\n<\/ul>\n","protected":false},"excerpt":{"rendered":"<p>Com esta l\u00e2mpada de presen\u00e7a com design de lua em cor, poder\u00e1s dar um toque original e \u00fanico ao  [&#8230;]<\/p>\n","protected":false},"featured_media":504355,"comment_status":"open","ping_status":"closed","template":"","meta":{"_acf_changed":false},"product_brand":[],"product_cat":[1835,1853],"product_tag":[1684,1685],"class_list":{"0":"post-504031","1":"product","2":"type-product","3":"status-publish","4":"has-post-thumbnail","6":"product_cat-lamparas-personalizadas","7":"product_cat-luzes-noturnas-infantis-personalizadas","8":"product_tag-bebes","9":"product_tag-infantil","11":"first","12":"instock","13":"sale","14":"taxable","15":"shipping-taxable","16":"purchasable","17":"product-type-simple"},"acf":[],"df_price":16.99,"df_sale_price":16.99,"df_regular_price":30.99,"df_image_link":"https:\/\/transparentgift.com\/pt\/wp-content\/uploads\/2026\/05\/PT_1-4-300x300.jpg","_links":{"self":[{"href":"https:\/\/transparentgift.com\/pt\/wp-json\/wp\/v2\/product\/504031","targetHints":{"allow":["GET"]}}],"collection":[{"href":"https:\/\/transparentgift.com\/pt\/wp-json\/wp\/v2\/product"}],"about":[{"href":"https:\/\/transparentgift.com\/pt\/wp-json\/wp\/v2\/types\/product"}],"replies":[{"embeddable":true,"href":"https:\/\/transparentgift.com\/pt\/wp-json\/wp\/v2\/comments?post=504031"}],"wp:featuredmedia":[{"embeddable":true,"href":"https:\/\/transparentgift.com\/pt\/wp-json\/wp\/v2\/media\/504355"}],"wp:attachment":[{"href":"https:\/\/transparentgift.com\/pt\/wp-json\/wp\/v2\/media?parent=504031"}],"wp:term":[{"taxonomy":"product_brand","embeddable":true,"href":"https:\/\/transparentgift.com\/pt\/wp-json\/wp\/v2\/product_brand?post=504031"},{"taxonomy":"product_cat","embeddable":true,"href":"https:\/\/transparentgift.com\/pt\/wp-json\/wp\/v2\/product_cat?post=504031"},{"taxonomy":"product_tag","embeddable":true,"href":"https:\/\/transparentgift.com\/pt\/wp-json\/wp\/v2\/product_tag?post=504031"}],"curies":[{"name":"wp","href":"https:\/\/api.w.org\/{rel}","templated":true}]}}