{"id":504033,"date":"2026-05-05T10:05:30","date_gmt":"2026-05-05T09:05:30","guid":{"rendered":"https:\/\/transparentgift.com\/pt\/?post_type=product&#038;p=504033"},"modified":"2026-05-12T12:02:52","modified_gmt":"2026-05-12T11:02:52","slug":"caneca-maos-coloridas-com-nomes-e-texto-personalizada","status":"publish","type":"product","link":"https:\/\/transparentgift.com\/pt\/caneca-maos-coloridas-com-nomes-e-texto-personalizada\/","title":{"rendered":"Caneca M\u00e3os Coloridas com Nomes e Texto personalizada"},"content":{"rendered":"<p>Surpreende o teu professor com a <strong>caneca personalizada<\/strong> mais original que poder\u00e1s oferecer. Este modelo tem um design ao qual poder\u00e1s adicionar os nomes e o texto que desejares. Por ser uma caneca personaliz\u00e1vel, cada modelo ser\u00e1 \u00fanico. Poder\u00e1 beber o caf\u00e9 todos os dias com a recorda\u00e7\u00e3o mais enternecedora! Ser\u00e1 o melhor <strong>presente para o teu professor ou professora<\/strong> numa <strong>gradua\u00e7\u00e3o<\/strong>, festa de <strong>final do ano letivo<\/strong> ou at\u00e9 noutras celebra\u00e7\u00f5es, como o seu anivers\u00e1rio ou o Natal.<\/p>\n<p>Como personalizar? \u00c9 muito simples! S\u00f3 ter\u00e1s de <strong>escrever um texto significativo<\/strong>, um nome ou a turma desse ano letivo. Al\u00e9m disso, poder\u00e1s <strong>adicionar at\u00e9 25 nomes dos alunos<\/strong> sobre as <strong>marcas de m\u00e3os pintadas de cores<\/strong>. Tudo ficar\u00e1 gravado a decorar a caneca e a criar o melhor design. N\u00e3o vai querer usar outra caneca! Este presente original \u00e9 uma das melhores ideias para dar aquele toque final ao <strong>pequeno-almo\u00e7o<\/strong> ou <strong>lanche<\/strong>, com a companhia de um bom <strong>caf\u00e9<\/strong> ou <strong>ch\u00e1<\/strong>.<\/p>\n<p>\u00c9 fabricada em <strong>cer\u00e2mica de alta qualidade<\/strong>, apta para micro-ondas e m\u00e1quina de lavar loi\u00e7a. <strong>Tem pega<\/strong> para a segurar com seguran\u00e7a. Al\u00e9m disso, poder\u00e1s <strong>encher a caneca com chocolates Kinder<\/strong> por um extra de 6 euros. S\u00f3 ter\u00e1s de escolher esta op\u00e7\u00e3o no momento da personaliza\u00e7\u00e3o.<\/p>\n<p>N\u00e3o fiques sem um dos melhores presentes originais. \u00c9 ideal para demonstrar o teu carinho a essa pessoa especial que te acompanhou nessa <strong>jornada acad\u00e9mica<\/strong>. Vais faz\u00ea-la sentir-se a mais sortuda do mundo!<\/p>\n<p><strong>Caracter\u00edsticas:<\/strong><\/p>\n<ul>\n<li>Tamanho: 9,5 x 8 cm<\/li>\n<li>Material: cer\u00e2mica.<\/li>\n<li>Capacidade: 333 ml<\/li>\n<li>Manuten\u00e7\u00e3o: apta para micro-ondas e m\u00e1quina de lavar loi\u00e7a.<\/li>\n<li>Extras: saco com Kinder.<\/li>\n<\/ul>\n","protected":false},"excerpt":{"rendered":"<p>Surpreende o teu professor com a caneca personalizada mais original que poder\u00e1s oferecer. Este mode [&#8230;]<\/p>\n","protected":false},"featured_media":504384,"comment_status":"open","ping_status":"closed","template":"","meta":{"_acf_changed":false},"product_brand":[],"product_cat":[1816],"product_tag":[1703],"class_list":{"0":"post-504033","1":"product","2":"type-product","3":"status-publish","4":"has-post-thumbnail","6":"product_cat-canecas-personalizadas","7":"product_tag-professores","9":"first","10":"instock","11":"taxable","12":"shipping-taxable","13":"purchasable","14":"product-type-simple"},"acf":[],"df_price":6.99,"df_sale_price":"","df_regular_price":6.99,"df_image_link":"https:\/\/transparentgift.com\/pt\/wp-content\/uploads\/2026\/05\/Taza_manos_1-1-300x300.jpg","_links":{"self":[{"href":"https:\/\/transparentgift.com\/pt\/wp-json\/wp\/v2\/product\/504033","targetHints":{"allow":["GET"]}}],"collection":[{"href":"https:\/\/transparentgift.com\/pt\/wp-json\/wp\/v2\/product"}],"about":[{"href":"https:\/\/transparentgift.com\/pt\/wp-json\/wp\/v2\/types\/product"}],"replies":[{"embeddable":true,"href":"https:\/\/transparentgift.com\/pt\/wp-json\/wp\/v2\/comments?post=504033"}],"wp:featuredmedia":[{"embeddable":true,"href":"https:\/\/transparentgift.com\/pt\/wp-json\/wp\/v2\/media\/504384"}],"wp:attachment":[{"href":"https:\/\/transparentgift.com\/pt\/wp-json\/wp\/v2\/media?parent=504033"}],"wp:term":[{"taxonomy":"product_brand","embeddable":true,"href":"https:\/\/transparentgift.com\/pt\/wp-json\/wp\/v2\/product_brand?post=504033"},{"taxonomy":"product_cat","embeddable":true,"href":"https:\/\/transparentgift.com\/pt\/wp-json\/wp\/v2\/product_cat?post=504033"},{"taxonomy":"product_tag","embeddable":true,"href":"https:\/\/transparentgift.com\/pt\/wp-json\/wp\/v2\/product_tag?post=504033"}],"curies":[{"name":"wp","href":"https:\/\/api.w.org\/{rel}","templated":true}]}}