{"id":504035,"date":"2026-05-05T10:05:30","date_gmt":"2026-05-05T09:05:30","guid":{"rendered":"https:\/\/transparentgift.com\/pt\/?post_type=product&#038;p=504035"},"modified":"2026-05-12T12:02:56","modified_gmt":"2026-05-12T11:02:56","slug":"caixa-de-doces-maos-coloridas-com-nomes-e-texto-personalizada","status":"publish","type":"product","link":"https:\/\/transparentgift.com\/pt\/caixa-de-doces-maos-coloridas-com-nomes-e-texto-personalizada\/","title":{"rendered":"Caixa de Doces M\u00e3os Coloridas com Nomes e Texto personalizada"},"content":{"rendered":"<p><strong>Descobre a Caixa de Doces M\u00e3os Coloridas com Nomes e Texto personalizada<\/strong>. Um presente \u00fanico e emotivo que vai encantar qualquer professor ou professora.<\/p>\n<p>Esta caixa de guloseimas ou chocolates \u00e9 <strong>totalmente personaliz\u00e1vel<\/strong>, permitindo-te criar um detalhe especial com nomes e mensagens gravadas. Perfeita para expressar gratid\u00e3o no <strong>final do ano letivo<\/strong>, em anivers\u00e1rios ou no Natal.<\/p>\n<p>Ideal para professores que deixaram marca na tua vida acad\u00e9mica, este presente adapta-se a celebra\u00e7\u00f5es escolares, jantares especiais ou simplesmente para ado\u00e7ar um dia memor\u00e1vel. O design colorido e a possibilidade de incluir at\u00e9 25 nomes tornam-na numa recorda\u00e7\u00e3o inesquec\u00edvel.<\/p>\n<h4><strong>Caracter\u00edsticas:<\/strong><\/h4>\n<ul>\n<li>Tamanho: 28 x 18,5 x 2,5 cm<\/li>\n<li>Material: cart\u00e3o de alta qualidade.<\/li>\n<li>Conte\u00fado: gomas multicoloridas ou gomas em forma de cora\u00e7\u00e3o.<\/li>\n<\/ul>\n<p><strong>CAIXA DE GOMAS EM FORMA DE CORA\u00c7\u00c3O<\/strong><\/p>\n<p><strong>Ingredientes:<\/strong><br \/>\nXarope de glucose, a\u00e7\u00facar, \u00e1gua, gelatina, humectante: E420, acidificantes: E330, E270, aromas, corretor de acidez: E325, corantes: E129.<\/p>\n<table style=\"border-collapse: collapse;width: 100%;max-width: 400px\" border=\"1\">\n<thead>\n<tr>\n<th style=\"padding: 6px\">Nutriente<\/th>\n<th style=\"padding: 6px\">Por 100 g de mistura<\/th>\n<\/tr>\n<\/thead>\n<tbody>\n<tr>\n<td style=\"padding: 6px\">Valor energ\u00e9tico<\/td>\n<td style=\"padding: 6px\">1.459 kJ \/ 345 kcal<\/td>\n<\/tr>\n<tr>\n<td style=\"padding: 6px\">Gorduras<\/td>\n<td style=\"padding: 6px\">0,2 g<\/td>\n<\/tr>\n<tr>\n<td style=\"padding: 6px\">\u2014 das quais saturadas<\/td>\n<td style=\"padding: 6px\">0,1 g<\/td>\n<\/tr>\n<tr>\n<td style=\"padding: 6px\">Hidratos de carbono<\/td>\n<td style=\"padding: 6px\">79,5 g<\/td>\n<\/tr>\n<tr>\n<td style=\"padding: 6px\">\u2014 dos quais a\u00e7\u00facares<\/td>\n<td style=\"padding: 6px\">49,4 g<\/td>\n<\/tr>\n<tr>\n<td style=\"padding: 6px\">Prote\u00ednas<\/td>\n<td style=\"padding: 6px\">4,5 g<\/td>\n<\/tr>\n<tr>\n<td style=\"padding: 6px\">Sal<\/td>\n<td style=\"padding: 6px\">0,02 g<\/td>\n<\/tr>\n<\/tbody>\n<\/table>\n<div style=\"font-family: sans-serif;line-height: 1.6;max-width: 600px\">\n<p><strong>CAIXA DE GOMAS MULTICOLORIDAS<\/strong><\/p>\n<p><strong>Ingredientes:<\/strong><br \/>\nXarope de glucose, a\u00e7\u00facar, \u00e1gua, gelatina, humectante: E420, acidificantes: E330, E270, gelificante: pectina, aromas, corretor de acidez: E325, corantes: E129<\/p>\n<table style=\"border-collapse: collapse;width: 100%\" border=\"1\">\n<thead>\n<tr>\n<th style=\"padding: 6px;text-align: left\">Nutriente<\/th>\n<th style=\"padding: 6px;text-align: left\">Valor por 100 g<\/th>\n<\/tr>\n<\/thead>\n<tbody>\n<tr>\n<td style=\"padding: 6px\">Valor energ\u00e9tico<\/td>\n<td style=\"padding: 6px\">1.441 kJ \/ 344 kcal<\/td>\n<\/tr>\n<tr>\n<td style=\"padding: 6px\">Gorduras<\/td>\n<td style=\"padding: 6px\">0,2 g<\/td>\n<\/tr>\n<tr>\n<td style=\"padding: 6px\">\u2014 das quais saturadas<\/td>\n<td style=\"padding: 6px\">0,1 g<\/td>\n<\/tr>\n<tr>\n<td style=\"padding: 6px\">Hidratos de carbono<\/td>\n<td style=\"padding: 6px\">80,2 g<\/td>\n<\/tr>\n<tr>\n<td style=\"padding: 6px\">\u2014 dos quais a\u00e7\u00facares<\/td>\n<td style=\"padding: 6px\">49,7 g<\/td>\n<\/tr>\n<tr>\n<td style=\"padding: 6px\">Prote\u00ednas<\/td>\n<td style=\"padding: 6px\">3,8 g<\/td>\n<\/tr>\n<tr>\n<td style=\"padding: 6px\">Sal<\/td>\n<td style=\"padding: 6px\">0,02 g<\/td>\n<\/tr>\n<\/tbody>\n<\/table>\n<\/div>\n<div style=\"font-family: sans-serif;line-height: 1.6;max-width: 700px\">\n<p><strong>CAIXA DE CHOCOLATES KINDER<\/strong><\/p>\n<p><strong>Schoko-Bons:<\/strong> Chocolate de leite extra fino 50% (a\u00e7\u00facar, leite gordo em p\u00f3, manteiga de cacau, pasta de cacau, emulsionantes: lecitinas (soja), aromas), a\u00e7\u00facar. Leite magro em p\u00f3, gordura de palma, avel\u00e3s (5,8%), manteiga concentrada, chocolate negro (a\u00e7\u00facar, pasta de cacau, manteiga de cacau, emulsionantes: lecitinas (soja); aromas), agentes de revestimento (goma ar\u00e1bica, goma-laca), xarope de glucose, emulsionantes: lecitinas (soja), aromas.<br \/>\n<em>Do total: produtos l\u00e1cteos: 28%, cacau: 16,5%.<\/em><\/p>\n<p><strong>Kinder Bueno:<\/strong> Chocolate de leite 31% (a\u00e7\u00facar, manteiga de cacau, pasta de cacau, leite magro em p\u00f3, manteiga concentrada, emulsionantes: lecitinas (soja); baunilha), a\u00e7\u00facar, gordura de palma, farinha de trigo, avel\u00e3s 10,8%, leite magro em p\u00f3, leite gordo em p\u00f3, chocolate negro (a\u00e7\u00facar, pasta de cacau, manteiga de cacau, emulsionantes: lecitinas (soja); baunilha), cacau magro, emulsionantes: lecitinas (soja); agente levedante (carbonato \u00e1cido de s\u00f3dio), sal, baunilha.<br \/>\n<em>Do total: produtos l\u00e1cteos 19%<\/em><\/p>\n<p><strong>Mini Kinder Chocolate:<\/strong><br \/>\nChocolate de LEITE extra fino 40% (a\u00e7\u00facar, LEITE gordo em p\u00f3, manteiga de cacau, pasta de cacau, emulsionantes: lecitinas (SOJA), vanilina), a\u00e7\u00facar, LEITE magro em p\u00f3, gordura de palma, MANTEIGA concentrada, emulsionantes: lecitinas (SOJA), vanilina.<br \/>\n<em>Do total: produtos l\u00e1cteos 33% (leite magro em p\u00f3, leite gordo em p\u00f3: 27,5%, manteiga concentrada 5,5%) &#8211; cacau 13%.<\/em><\/p>\n<p><strong>SEM GL\u00daTEN<\/strong><\/p>\n<table style=\"border-collapse: collapse;width: 100%\" border=\"1\">\n<thead>\n<tr>\n<th style=\"padding: 6px;text-align: left\">Nutriente<\/th>\n<th style=\"padding: 6px;text-align: left\">Valor por 100 g<\/th>\n<\/tr>\n<\/thead>\n<tbody>\n<tr>\n<td style=\"padding: 6px\">Valor energ\u00e9tico<\/td>\n<td style=\"padding: 6px\">2.367 kJ \/ 566 kcal<\/td>\n<\/tr>\n<tr>\n<td style=\"padding: 6px\">Gorduras<\/td>\n<td style=\"padding: 6px\">35,1 g<\/td>\n<\/tr>\n<tr>\n<td style=\"padding: 6px\">\u2014 das quais saturadas<\/td>\n<td style=\"padding: 6px\">21,6 g<\/td>\n<\/tr>\n<tr>\n<td style=\"padding: 6px\">Hidratos de carbono<\/td>\n<td style=\"padding: 6px\">51,6 g<\/td>\n<\/tr>\n<tr>\n<td style=\"padding: 6px\">\u2014 dos quais a\u00e7\u00facares<\/td>\n<td style=\"padding: 6px\">51,7 g<\/td>\n<\/tr>\n<tr>\n<td style=\"padding: 6px\">Prote\u00ednas<\/td>\n<td style=\"padding: 6px\">7,8 g<\/td>\n<\/tr>\n<tr>\n<td style=\"padding: 6px\">Sal<\/td>\n<td style=\"padding: 6px\">0,2 g<\/td>\n<\/tr>\n<\/tbody>\n<\/table>\n<\/div>\n","protected":false},"excerpt":{"rendered":"<p>Descobre a Caixa de Doces M\u00e3os Coloridas com Nomes e Texto personalizada. Um presente \u00fanico e emot [&#8230;]<\/p>\n","protected":false},"featured_media":504338,"comment_status":"closed","ping_status":"closed","template":"","meta":{"_acf_changed":false},"product_brand":[],"product_cat":[1720],"product_tag":[1703],"class_list":{"0":"post-504035","1":"product","2":"type-product","3":"status-publish","4":"has-post-thumbnail","6":"product_cat-doces-e-bombons-personalizados","7":"product_tag-professores","9":"first","10":"instock","11":"taxable","12":"shipping-taxable","13":"purchasable","14":"product-type-simple"},"acf":[],"df_price":20.99,"df_sale_price":"","df_regular_price":20.99,"df_image_link":"https:\/\/transparentgift.com\/pt\/wp-content\/uploads\/2026\/05\/Caja-de-dulce_Manos_1-300x300.jpg","_links":{"self":[{"href":"https:\/\/transparentgift.com\/pt\/wp-json\/wp\/v2\/product\/504035","targetHints":{"allow":["GET"]}}],"collection":[{"href":"https:\/\/transparentgift.com\/pt\/wp-json\/wp\/v2\/product"}],"about":[{"href":"https:\/\/transparentgift.com\/pt\/wp-json\/wp\/v2\/types\/product"}],"replies":[{"embeddable":true,"href":"https:\/\/transparentgift.com\/pt\/wp-json\/wp\/v2\/comments?post=504035"}],"wp:featuredmedia":[{"embeddable":true,"href":"https:\/\/transparentgift.com\/pt\/wp-json\/wp\/v2\/media\/504338"}],"wp:attachment":[{"href":"https:\/\/transparentgift.com\/pt\/wp-json\/wp\/v2\/media?parent=504035"}],"wp:term":[{"taxonomy":"product_brand","embeddable":true,"href":"https:\/\/transparentgift.com\/pt\/wp-json\/wp\/v2\/product_brand?post=504035"},{"taxonomy":"product_cat","embeddable":true,"href":"https:\/\/transparentgift.com\/pt\/wp-json\/wp\/v2\/product_cat?post=504035"},{"taxonomy":"product_tag","embeddable":true,"href":"https:\/\/transparentgift.com\/pt\/wp-json\/wp\/v2\/product_tag?post=504035"}],"curies":[{"name":"wp","href":"https:\/\/api.w.org\/{rel}","templated":true}]}}