{"id":504036,"date":"2026-05-05T10:05:30","date_gmt":"2026-05-05T09:05:30","guid":{"rendered":"https:\/\/transparentgift.com\/pt\/?post_type=product&#038;p=504036"},"modified":"2026-05-12T12:02:57","modified_gmt":"2026-05-12T11:02:57","slug":"bloco-de-notas-maos-coloridas-com-nomes-e-texto-personalizado","status":"publish","type":"product","link":"https:\/\/transparentgift.com\/pt\/bloco-de-notas-maos-coloridas-com-nomes-e-texto-personalizado\/","title":{"rendered":"Bloco de Notas M\u00e3os Coloridas com Nomes e Texto personalizado"},"content":{"rendered":"<p>Oferece um dos melhores <strong>presentes para professores<\/strong> com este <strong>bloco de notas personalizado<\/strong> com os nomes e o texto que desejares. \u00c9 um dos melhores presentes originais para o <strong>final do ano letivo<\/strong>, um <strong>anivers\u00e1rio<\/strong> ou at\u00e9 o <strong>Natal<\/strong>. Ser\u00e1 um presente super \u00fatil com um design \u00fanico!<\/p>\n<p>Este caderno de notas \u00e9 totalmente personaliz\u00e1vel. S\u00f3 ter\u00e1s de <strong>escrever um texto significativo, um nome ou a turma desse ano letivo<\/strong>. Al\u00e9m disso, poder\u00e1s <strong>adicionar at\u00e9 25 nomes dos alunos<\/strong> sobre as <strong>marcas de m\u00e3os pintadas de cores<\/strong>. Tudo ficar\u00e1 gravado a decorar o bloco e a criar o melhor design. N\u00e3o vai querer usar outro caderno de notas! Com este presente personalizado t\u00e3o especial, o teu professor ter\u00e1 o melhor recurso para <strong>anotar as suas tarefas<\/strong> e dados r\u00e1pidos. Tem o tamanho ideal para <strong>guardar no bolso, numa mala ou numa pasta<\/strong> e transport\u00e1-lo para onde for preciso. Al\u00e9m disso, \u00e9 muito c\u00f3modo para escrever em qualquer lugar.<\/p>\n<p>O bloco de notas \u00e9 fabricado com <strong>materiais de alta qualidade<\/strong> que lhe conferem resist\u00eancia e durabilidade. No interior <strong>cont\u00e9m 100 folhas de papel<\/strong> e todo o conte\u00fado pode ser fechado em seguran\u00e7a gra\u00e7as a uma <strong>banda el\u00e1stica<\/strong> inclu\u00edda.<\/p>\n<p>N\u00e3o fiques sem um dos <strong>presentes para professores<\/strong> mais originais e pr\u00e1ticos. \u00c9 ideal para demonstrar o teu carinho \u00e0s professoras do pr\u00e9-escolar ou do ensino b\u00e1sico em qualquer celebra\u00e7\u00e3o. Vais faz\u00ea-las sentir-se as mais afortunadas do mundo!<\/p>\n<p><strong>Caracter\u00edsticas:<\/strong><\/p>\n<ul>\n<li>Tamanho: 21 x 14,5 cm<\/li>\n<li>Material: capas r\u00edgidas fabricadas em RPET 600D.<\/li>\n<li>Inclui: 100 folhas lisas. Banda el\u00e1stica e marcador de p\u00e1ginas.<\/li>\n<\/ul>\n","protected":false},"excerpt":{"rendered":"<p>Oferece um dos melhores presentes para professores com este bloco de notas personalizado com os nome [&#8230;]<\/p>\n","protected":false},"featured_media":504358,"comment_status":"open","ping_status":"closed","template":"","meta":{"_acf_changed":false},"product_brand":[],"product_cat":[1690],"product_tag":[1703],"class_list":{"0":"post-504036","1":"product","2":"type-product","3":"status-publish","4":"has-post-thumbnail","6":"product_cat-produtos-originais","7":"product_tag-professores","9":"first","10":"instock","11":"taxable","12":"shipping-taxable","13":"purchasable","14":"product-type-simple"},"acf":[],"df_price":16.99,"df_sale_price":"","df_regular_price":16.99,"df_image_link":"https:\/\/transparentgift.com\/pt\/wp-content\/uploads\/2026\/05\/Bloc-notas_Manos_1_Portada-300x300.jpg","_links":{"self":[{"href":"https:\/\/transparentgift.com\/pt\/wp-json\/wp\/v2\/product\/504036","targetHints":{"allow":["GET"]}}],"collection":[{"href":"https:\/\/transparentgift.com\/pt\/wp-json\/wp\/v2\/product"}],"about":[{"href":"https:\/\/transparentgift.com\/pt\/wp-json\/wp\/v2\/types\/product"}],"replies":[{"embeddable":true,"href":"https:\/\/transparentgift.com\/pt\/wp-json\/wp\/v2\/comments?post=504036"}],"wp:featuredmedia":[{"embeddable":true,"href":"https:\/\/transparentgift.com\/pt\/wp-json\/wp\/v2\/media\/504358"}],"wp:attachment":[{"href":"https:\/\/transparentgift.com\/pt\/wp-json\/wp\/v2\/media?parent=504036"}],"wp:term":[{"taxonomy":"product_brand","embeddable":true,"href":"https:\/\/transparentgift.com\/pt\/wp-json\/wp\/v2\/product_brand?post=504036"},{"taxonomy":"product_cat","embeddable":true,"href":"https:\/\/transparentgift.com\/pt\/wp-json\/wp\/v2\/product_cat?post=504036"},{"taxonomy":"product_tag","embeddable":true,"href":"https:\/\/transparentgift.com\/pt\/wp-json\/wp\/v2\/product_tag?post=504036"}],"curies":[{"name":"wp","href":"https:\/\/api.w.org\/{rel}","templated":true}]}}