{"id":504295,"date":"2026-05-12T10:35:28","date_gmt":"2026-05-12T09:35:28","guid":{"rendered":"https:\/\/transparentgift.com\/pt\/?post_type=product&#038;p=504295"},"modified":"2026-05-15T17:10:38","modified_gmt":"2026-05-15T16:10:38","slug":"poster-definicao-de-professora-em-preto-e-branco-com-fotos-personalizadas","status":"publish","type":"product","link":"https:\/\/transparentgift.com\/pt\/poster-definicao-de-professora-em-preto-e-branco-com-fotos-personalizadas\/","title":{"rendered":"P\u00f3ster Defini\u00e7\u00e3o de Professora em Preto e Branco com Fotos personalizadas"},"content":{"rendered":"<p><strong>Uma homenagem elegante e emotiva para recordar aquela pessoa que deixa marca na sala de aula<\/strong>. Este p\u00f3ster defini\u00e7\u00e3o de professora em preto e branco com fotos personalizadas transforma um momento partilhado num detalhe decorativo com grande valor sentimental.<\/p>\n<p>O seu design inspirado numa defini\u00e7\u00e3o, juntamente com a imagem a preto e branco, cria uma composi\u00e7\u00e3o s\u00f3bria, cuidada e muito significativa. \u00c9 uma op\u00e7\u00e3o ideal para quem procura um detalhe especial com um estilo mais cl\u00e1ssico, visual e intemporal.<\/p>\n<p>Foi especialmente pensado para fam\u00edlias, alunos e grupos escolares que desejam surpreender professoras, professores, tutores ou educadores com um <strong>presente personalizado<\/strong> no final do ano letivo, despedidas de turma, gradua\u00e7\u00f5es ou celebra\u00e7\u00f5es escolares. Gra\u00e7as \u00e0 sua est\u00e9tica elegante e \u00e0 sua mensagem de agradecimento, tamb\u00e9m se enquadra muito bem como detalhe coletivo de turma ou como <strong>recorda\u00e7\u00e3o decorativa<\/strong> para colocar em casa, no gabinete ou na sala de aula. A combina\u00e7\u00e3o entre fotografia e texto consegue transmitir emo\u00e7\u00e3o de uma forma pr\u00f3xima, tornando-o numa pe\u00e7a perfeita para conservar uma etapa importante com carinho, admira\u00e7\u00e3o e um estilo visual muito cuidado.<\/p>\n<h4><strong>Caracter\u00edsticas:<\/strong><\/h4>\n<ul>\n<li>Papel acetinado de 240 g<\/li>\n<li>Medida dispon\u00edvel: 21 x 29,7 cm<\/li>\n<li>Medida dispon\u00edvel: 30 x 40 cm<\/li>\n<li>Medida dispon\u00edvel: 42 x 59,5 cm<\/li>\n<li>Personaliz\u00e1vel com foto<\/li>\n<\/ul>\n","protected":false},"excerpt":{"rendered":"<p>Uma homenagem elegante e emotiva para recordar aquela pessoa que deixa marca na sala de aula. Este p [&#8230;]<\/p>\n","protected":false},"featured_media":504606,"comment_status":"open","ping_status":"closed","template":"","meta":{"_acf_changed":false},"product_brand":[],"product_cat":[1738],"product_tag":[1710,1703],"class_list":{"0":"post-504295","1":"product","2":"type-product","3":"status-publish","4":"has-post-thumbnail","6":"product_cat-posteres-personalizados","7":"product_tag-novo","8":"product_tag-professores","10":"first","11":"instock","12":"taxable","13":"shipping-taxable","14":"purchasable","15":"product-type-simple"},"acf":[],"df_price":18.99,"df_sale_price":"","df_regular_price":18.99,"df_image_link":"https:\/\/transparentgift.com\/pt\/wp-content\/uploads\/2026\/05\/1-4-300x300.jpg","_links":{"self":[{"href":"https:\/\/transparentgift.com\/pt\/wp-json\/wp\/v2\/product\/504295","targetHints":{"allow":["GET"]}}],"collection":[{"href":"https:\/\/transparentgift.com\/pt\/wp-json\/wp\/v2\/product"}],"about":[{"href":"https:\/\/transparentgift.com\/pt\/wp-json\/wp\/v2\/types\/product"}],"replies":[{"embeddable":true,"href":"https:\/\/transparentgift.com\/pt\/wp-json\/wp\/v2\/comments?post=504295"}],"wp:featuredmedia":[{"embeddable":true,"href":"https:\/\/transparentgift.com\/pt\/wp-json\/wp\/v2\/media\/504606"}],"wp:attachment":[{"href":"https:\/\/transparentgift.com\/pt\/wp-json\/wp\/v2\/media?parent=504295"}],"wp:term":[{"taxonomy":"product_brand","embeddable":true,"href":"https:\/\/transparentgift.com\/pt\/wp-json\/wp\/v2\/product_brand?post=504295"},{"taxonomy":"product_cat","embeddable":true,"href":"https:\/\/transparentgift.com\/pt\/wp-json\/wp\/v2\/product_cat?post=504295"},{"taxonomy":"product_tag","embeddable":true,"href":"https:\/\/transparentgift.com\/pt\/wp-json\/wp\/v2\/product_tag?post=504295"}],"curies":[{"name":"wp","href":"https:\/\/api.w.org\/{rel}","templated":true}]}}